{"id":379,"date":"2021-04-06T17:00:56","date_gmt":"2021-04-06T15:00:56","guid":{"rendered":"https:\/\/www.hotelgrandalbert.com\/?page_id=379"},"modified":"2024-11-25T14:21:29","modified_gmt":"2024-11-25T13:21:29","slug":"day-use","status":"publish","type":"page","link":"https:\/\/www.hotelgrandalbert.com\/en\/day-use\/","title":{"rendered":"Day use"},"content":{"rendered":"\n\t<section class=\"section\" id=\"section_1820516936\">\n\t\t<div class=\"bg section-bg fill bg-fill  \" >\n\n\t\t\t\n\t\t\t\n\t\t\t\n\n\t\t<\/div>\n\n\t\t<div class=\"section-content relative\">\n\t\t\t\n\n<div class=\"row align-center\"  id=\"row-54448626\">\n\n\n\t<div id=\"col-1409804725\" class=\"col medium-8 small-12 large-8\"  >\n\t\t<div class=\"col-inner\" style=\"background-color:rgba(255, 255, 255, 0.7);\" >\n\t\t\t\n\t\t\t\n\n<h1 style=\"text-align: center;\">Day use Reservation <\/h1>\n\n\t\t<\/div>\n\t\t\n<style>\n#col-1409804725 > .col-inner {\n  padding: 50px 0px 50px 0px;\n}\n<\/style>\n\t<\/div>\n\n\t\n\n<\/div>\n\n\t\t<\/div>\n\n\t\t\n<style>\n#section_1820516936 {\n  padding-top: 0px;\n  padding-bottom: 0px;\n  min-height: 300px;\n}\n#section_1820516936 .section-bg.bg-loaded {\n  background-image: url(https:\/\/www.hotelgrandalbert.com\/wp-content\/uploads\/2021\/01\/hotel-grand-albert-1er-reception.jpg);\n}\n<\/style>\n\t<\/section>\n\t\n\t<section class=\"section\" id=\"section_1068442608\">\n\t\t<div class=\"bg section-bg fill bg-fill  bg-loaded\" >\n\n\t\t\t\n\t\t\t\n\t\t\t\n\n\t\t<\/div>\n\n\t\t<div class=\"section-content relative\">\n\t\t\t\n\n<div class=\"row\"  id=\"row-1227706239\">\n\n\n\t<div id=\"col-453998381\" class=\"col medium-8 small-12 large-8\"  >\n\t\t<div class=\"col-inner\"  >\n\t\t\t\n\t\t\t\n\n<h2>Service reservations<\/h2>\n<p><strong>Telephone:<\/strong><\/p>\n<p>01.53.66.87.96<\/p>\n<p><strong>Mail:<\/strong> <a href=\"mailto:hotelgrandalbert@gmail.com\">hotelgrandalbert@gmail.com<\/a><\/p>\n<p>You wish to book a room for a few hours, you can contact us by phone or via the form below. We will respond as soon as possible.<br>Please check the information entered before sending it<\/p>\n<p><strong>5 hours formula<\/strong><br>Deluxe double room with shower from 11 am to 4 pm: 60.00 euros<\/p>\n\n<div class=\"wpcf7 no-js\" id=\"wpcf7-f382-o1\" lang=\"fr-FR\" dir=\"ltr\" data-wpcf7-id=\"382\">\n<div class=\"screen-reader-response\"><p role=\"status\" aria-live=\"polite\" aria-atomic=\"true\"><\/p> <ul><\/ul><\/div>\n<form action=\"\/en\/wp-json\/wp\/v2\/pages\/379#wpcf7-f382-o1\" method=\"post\" class=\"wpcf7-form init\" aria-label=\"Formulaire de contact\" novalidate=\"novalidate\" data-status=\"init\">\n<div style=\"display: none;\">\n<input type=\"hidden\" name=\"_wpcf7\" value=\"382\" \/>\n<input type=\"hidden\" name=\"_wpcf7_version\" value=\"6.0.6\" \/>\n<input type=\"hidden\" name=\"_wpcf7_locale\" value=\"fr_FR\" \/>\n<input type=\"hidden\" name=\"_wpcf7_unit_tag\" value=\"wpcf7-f382-o1\" \/>\n<input type=\"hidden\" name=\"_wpcf7_container_post\" value=\"0\" \/>\n<input type=\"hidden\" name=\"_wpcf7_posted_data_hash\" value=\"\" \/>\n<\/div>\n<p>Fields preceded by an * are required.\n<\/p>\n<div class=\"col medium-6 small-12 large-6\">\n\t<p><label> * Your name<br \/>\n<span class=\"wpcf7-form-control-wrap\" data-name=\"nom\"><input size=\"40\" maxlength=\"400\" class=\"wpcf7-form-control wpcf7-text wpcf7-validates-as-required\" aria-required=\"true\" aria-invalid=\"false\" value=\"\" type=\"text\" name=\"nom\" \/><\/span> <\/label>\n\t<\/p>\n<\/div>\n<div class=\"col medium-6 small-12 large-6\">\n\t<p><label> * Your first name<br \/>\n<span class=\"wpcf7-form-control-wrap\" data-name=\"prenom\"><input size=\"40\" maxlength=\"400\" class=\"wpcf7-form-control wpcf7-text wpcf7-validates-as-required\" aria-required=\"true\" aria-invalid=\"false\" value=\"\" type=\"text\" name=\"prenom\" \/><\/span> <\/label>\n\t<\/p>\n<\/div>\n<div class=\"col medium-6 small-12 large-6\">\n\t<p><label> * Phone number<br \/>\n<span class=\"wpcf7-form-control-wrap\" data-name=\"telephone\"><input size=\"40\" maxlength=\"400\" class=\"wpcf7-form-control wpcf7-tel wpcf7-validates-as-required wpcf7-text wpcf7-validates-as-tel\" aria-required=\"true\" aria-invalid=\"false\" value=\"\" type=\"tel\" name=\"telephone\" \/><\/span> <\/label>\n\t<\/p>\n<\/div>\n<div class=\"col medium-6 small-12 large-6\">\n\t<p><label> * Your e-mail<br \/>\n<span class=\"wpcf7-form-control-wrap\" data-name=\"email\"><input size=\"40\" maxlength=\"400\" class=\"wpcf7-form-control wpcf7-email wpcf7-validates-as-required wpcf7-text wpcf7-validates-as-email\" aria-required=\"true\" aria-invalid=\"false\" value=\"\" type=\"email\" name=\"email\" \/><\/span> <\/label>\n\t<\/p>\n<\/div>\n<div class=\"col medium-6 small-12 large-6\">\n\t<p><label> *Desired date<br \/>\n<span class=\"wpcf7-form-control-wrap\" data-name=\"date-arrivee\"><input class=\"wpcf7-form-control wpcf7-date wpcf7-validates-as-required wpcf7-validates-as-date\" aria-required=\"true\" aria-invalid=\"false\" value=\"dd\/mm\/yyyy\" type=\"date\" name=\"date-arrivee\" \/><\/span> <\/label>\n\t<\/p>\n<\/div>\n<div class=\"col medium-6 small-12 large-6\">\n\t<p><label> *Arriving time<br \/>\n<span class=\"wpcf7-form-control-wrap\" data-name=\"heure\"><select class=\"wpcf7-form-control wpcf7-select wpcf7-validates-as-required\" aria-required=\"true\" aria-invalid=\"false\" name=\"heure\"><option value=\"11am\">11am<\/option><option value=\"12am\">12am<\/option><option value=\"1pm\">1pm<\/option><option value=\"2pm\">2pm<\/option><option value=\"3pm\">3pm<\/option><\/select><\/span> <\/label>\n\t<\/p>\n<\/div>\n<div class=\"col medium-6 small-12 large-6\">\n\t<p><label> Desired formula<br \/>\n<span class=\"wpcf7-form-control-wrap\" data-name=\"formule\"><select class=\"wpcf7-form-control wpcf7-select wpcf7-validates-as-required\" aria-required=\"true\" aria-invalid=\"false\" name=\"formule\"><option value=\"5 hours\">5 hours<\/option><\/select><\/span> <\/label>\n\t<\/p>\n<\/div>\n<div class=\"col medium-6 small-12 large-6\">\n\t<p><label> Your message (optional)<br \/>\n<span class=\"wpcf7-form-control-wrap\" data-name=\"message\"><textarea cols=\"40\" rows=\"10\" maxlength=\"2000\" class=\"wpcf7-form-control wpcf7-textarea\" aria-invalid=\"false\" name=\"message\"><\/textarea><\/span> <\/label>\n\t<\/p>\n<\/div>\n<div class=\"col medium-12 small-12 large-12\">\n\t<p><input class=\"wpcf7-form-control wpcf7-submit has-spinner\" type=\"submit\" value=\"Submit\" \/>\n\t<\/p>\n<\/div><div class=\"wpcf7-response-output\" aria-hidden=\"true\"><\/div>\n<\/form>\n<\/div>\n\n\n\n\t\t<\/div>\n\t\t\t<\/div>\n\n\t\n\n\t<div id=\"col-919474463\" class=\"col medium-4 small-12 large-4\"  >\n\t\t<div class=\"col-inner\"  >\n\t\t\t\n\t\t\t\n\n\t<div class=\"img has-hover x md-x lg-x y md-y lg-y\" id=\"image_1363538631\">\n\t\t\t\t\t\t\t\t<div class=\"img-inner box-shadow-4 dark\" >\n\t\t\t<img decoding=\"async\" width=\"200\" height=\"300\" src=\"https:\/\/www.hotelgrandalbert.com\/wp-content\/uploads\/2021\/01\/hotel-le-grand-albert-1er-chambre-detail-4-200x300.jpg\" class=\"attachment-medium size-medium\" alt=\"H\u00f4tel Le Grand Albert 1er - Maisons-Alfort\" srcset=\"https:\/\/www.hotelgrandalbert.com\/wp-content\/uploads\/2021\/01\/hotel-le-grand-albert-1er-chambre-detail-4-200x300.jpg 200w, https:\/\/www.hotelgrandalbert.com\/wp-content\/uploads\/2021\/01\/hotel-le-grand-albert-1er-chambre-detail-4-683x1024.jpg 683w, https:\/\/www.hotelgrandalbert.com\/wp-content\/uploads\/2021\/01\/hotel-le-grand-albert-1er-chambre-detail-4-768x1152.jpg 768w, https:\/\/www.hotelgrandalbert.com\/wp-content\/uploads\/2021\/01\/hotel-le-grand-albert-1er-chambre-detail-4.jpg 1000w\" sizes=\"(max-width: 200px) 100vw, 200px\" \/>\t\t\t\t\t\t\n\t\t\t\t\t<\/div>\n\t\t\t\t\t\t\t\t\n<style>\n#image_1363538631 {\n  width: 100%;\n}\n<\/style>\n\t<\/div>\n\t\n\n\n\t\t<\/div>\n\t\t\t<\/div>\n\n\t\n\n<\/div>\n\n\t\t<\/div>\n\n\t\t\n<style>\n#section_1068442608 {\n  padding-top: 30px;\n  padding-bottom: 30px;\n}\n<\/style>\n\t<\/section>\n\t\n\n\n\n<p><\/p>\n","protected":false},"excerpt":{"rendered":"","protected":false},"author":1,"featured_media":0,"parent":0,"menu_order":0,"comment_status":"closed","ping_status":"closed","template":"page-blank.php","meta":{"footnotes":""},"class_list":["post-379","page","type-page","status-publish","hentry"],"yoast_head":"<!-- This site is optimized with the Yoast SEO plugin v24.9 - https:\/\/yoast.com\/wordpress\/plugins\/seo\/ -->\n<title>Day use offer of the hotel Le Grand Albert 1er \u00e0 Maisons-Alfort<\/title>\n<meta name=\"description\" content=\"Day use offer of the hotel Le Grand Albert 1er \u00e0 Maisons-Alfort\" \/>\n<meta name=\"robots\" content=\"index, follow, max-snippet:-1, max-image-preview:large, max-video-preview:-1\" \/>\n<link rel=\"canonical\" href=\"https:\/\/www.hotelgrandalbert.com\/en\/day-use\/\" \/>\n<meta property=\"og:locale\" content=\"en_US\" \/>\n<meta property=\"og:type\" content=\"article\" \/>\n<meta property=\"og:title\" content=\"Day use offer of the hotel Le Grand Albert 1er \u00e0 Maisons-Alfort\" \/>\n<meta property=\"og:description\" content=\"Day use offer of the hotel Le Grand Albert 1er \u00e0 Maisons-Alfort\" \/>\n<meta property=\"og:url\" content=\"https:\/\/www.hotelgrandalbert.com\/en\/day-use\/\" \/>\n<meta property=\"og:site_name\" content=\"H\u00f4tel Le Grand Albert 1er\" \/>\n<meta property=\"article:modified_time\" content=\"2024-11-25T13:21:29+00:00\" \/>\n<meta name=\"twitter:card\" content=\"summary_large_image\" \/>\n<meta name=\"twitter:label1\" content=\"Est. reading time\" \/>\n\t<meta name=\"twitter:data1\" content=\"1 minute\" \/>\n<script type=\"application\/ld+json\" class=\"yoast-schema-graph\">{\"@context\":\"https:\/\/schema.org\",\"@graph\":[{\"@type\":\"WebPage\",\"@id\":\"https:\/\/www.hotelgrandalbert.com\/en\/day-use\/\",\"url\":\"https:\/\/www.hotelgrandalbert.com\/en\/day-use\/\",\"name\":\"Day use offer of the hotel Le Grand Albert 1er \u00e0 Maisons-Alfort\",\"isPartOf\":{\"@id\":\"https:\/\/www.hotelgrandalbert.com\/en\/#website\"},\"datePublished\":\"2021-04-06T15:00:56+00:00\",\"dateModified\":\"2024-11-25T13:21:29+00:00\",\"description\":\"Day use offer of the hotel Le Grand Albert 1er \u00e0 Maisons-Alfort\",\"breadcrumb\":{\"@id\":\"https:\/\/www.hotelgrandalbert.com\/en\/day-use\/#breadcrumb\"},\"inLanguage\":\"en-US\",\"potentialAction\":[{\"@type\":\"ReadAction\",\"target\":[\"https:\/\/www.hotelgrandalbert.com\/en\/day-use\/\"]}]},{\"@type\":\"BreadcrumbList\",\"@id\":\"https:\/\/www.hotelgrandalbert.com\/en\/day-use\/#breadcrumb\",\"itemListElement\":[{\"@type\":\"ListItem\",\"position\":1,\"name\":\"Accueil\",\"item\":\"https:\/\/www.hotelgrandalbert.com\/en\/\"},{\"@type\":\"ListItem\",\"position\":2,\"name\":\"Day use\"}]},{\"@type\":\"WebSite\",\"@id\":\"https:\/\/www.hotelgrandalbert.com\/en\/#website\",\"url\":\"https:\/\/www.hotelgrandalbert.com\/en\/\",\"name\":\"H\u00f4tel Le Grand Albert 1er\",\"description\":\"H\u00f4tel 2 \u00e9toiles \u00e0 Maisons-Alfort\",\"publisher\":{\"@id\":\"https:\/\/www.hotelgrandalbert.com\/en\/#organization\"},\"potentialAction\":[{\"@type\":\"SearchAction\",\"target\":{\"@type\":\"EntryPoint\",\"urlTemplate\":\"https:\/\/www.hotelgrandalbert.com\/en\/?s={search_term_string}\"},\"query-input\":{\"@type\":\"PropertyValueSpecification\",\"valueRequired\":true,\"valueName\":\"search_term_string\"}}],\"inLanguage\":\"en-US\"},{\"@type\":\"Organization\",\"@id\":\"https:\/\/www.hotelgrandalbert.com\/en\/#organization\",\"name\":\"H\u00f4tel Le Grand Albert 1er\",\"url\":\"https:\/\/www.hotelgrandalbert.com\/en\/\",\"logo\":{\"@type\":\"ImageObject\",\"inLanguage\":\"en-US\",\"@id\":\"https:\/\/www.hotelgrandalbert.com\/en\/#\/schema\/logo\/image\/\",\"url\":\"https:\/\/www.hotelgrandalbert.com\/wp-content\/uploads\/2021\/01\/hotel-grand-albert-1er-salon.jpg\",\"contentUrl\":\"https:\/\/www.hotelgrandalbert.com\/wp-content\/uploads\/2021\/01\/hotel-grand-albert-1er-salon.jpg\",\"width\":1500,\"height\":1000,\"caption\":\"H\u00f4tel Le Grand Albert 1er\"},\"image\":{\"@id\":\"https:\/\/www.hotelgrandalbert.com\/en\/#\/schema\/logo\/image\/\"}}]}<\/script>\n<!-- \/ Yoast SEO plugin. -->","yoast_head_json":{"title":"Day use offer of the hotel Le Grand Albert 1er \u00e0 Maisons-Alfort","description":"Day use offer of the hotel Le Grand Albert 1er \u00e0 Maisons-Alfort","robots":{"index":"index","follow":"follow","max-snippet":"max-snippet:-1","max-image-preview":"max-image-preview:large","max-video-preview":"max-video-preview:-1"},"canonical":"https:\/\/www.hotelgrandalbert.com\/en\/day-use\/","og_locale":"en_US","og_type":"article","og_title":"Day use offer of the hotel Le Grand Albert 1er \u00e0 Maisons-Alfort","og_description":"Day use offer of the hotel Le Grand Albert 1er \u00e0 Maisons-Alfort","og_url":"https:\/\/www.hotelgrandalbert.com\/en\/day-use\/","og_site_name":"H\u00f4tel Le Grand Albert 1er","article_modified_time":"2024-11-25T13:21:29+00:00","twitter_card":"summary_large_image","twitter_misc":{"Est. reading time":"1 minute"},"schema":{"@context":"https:\/\/schema.org","@graph":[{"@type":"WebPage","@id":"https:\/\/www.hotelgrandalbert.com\/en\/day-use\/","url":"https:\/\/www.hotelgrandalbert.com\/en\/day-use\/","name":"Day use offer of the hotel Le Grand Albert 1er \u00e0 Maisons-Alfort","isPartOf":{"@id":"https:\/\/www.hotelgrandalbert.com\/en\/#website"},"datePublished":"2021-04-06T15:00:56+00:00","dateModified":"2024-11-25T13:21:29+00:00","description":"Day use offer of the hotel Le Grand Albert 1er \u00e0 Maisons-Alfort","breadcrumb":{"@id":"https:\/\/www.hotelgrandalbert.com\/en\/day-use\/#breadcrumb"},"inLanguage":"en-US","potentialAction":[{"@type":"ReadAction","target":["https:\/\/www.hotelgrandalbert.com\/en\/day-use\/"]}]},{"@type":"BreadcrumbList","@id":"https:\/\/www.hotelgrandalbert.com\/en\/day-use\/#breadcrumb","itemListElement":[{"@type":"ListItem","position":1,"name":"Accueil","item":"https:\/\/www.hotelgrandalbert.com\/en\/"},{"@type":"ListItem","position":2,"name":"Day use"}]},{"@type":"WebSite","@id":"https:\/\/www.hotelgrandalbert.com\/en\/#website","url":"https:\/\/www.hotelgrandalbert.com\/en\/","name":"H\u00f4tel Le Grand Albert 1er","description":"H\u00f4tel 2 \u00e9toiles \u00e0 Maisons-Alfort","publisher":{"@id":"https:\/\/www.hotelgrandalbert.com\/en\/#organization"},"potentialAction":[{"@type":"SearchAction","target":{"@type":"EntryPoint","urlTemplate":"https:\/\/www.hotelgrandalbert.com\/en\/?s={search_term_string}"},"query-input":{"@type":"PropertyValueSpecification","valueRequired":true,"valueName":"search_term_string"}}],"inLanguage":"en-US"},{"@type":"Organization","@id":"https:\/\/www.hotelgrandalbert.com\/en\/#organization","name":"H\u00f4tel Le Grand Albert 1er","url":"https:\/\/www.hotelgrandalbert.com\/en\/","logo":{"@type":"ImageObject","inLanguage":"en-US","@id":"https:\/\/www.hotelgrandalbert.com\/en\/#\/schema\/logo\/image\/","url":"https:\/\/www.hotelgrandalbert.com\/wp-content\/uploads\/2021\/01\/hotel-grand-albert-1er-salon.jpg","contentUrl":"https:\/\/www.hotelgrandalbert.com\/wp-content\/uploads\/2021\/01\/hotel-grand-albert-1er-salon.jpg","width":1500,"height":1000,"caption":"H\u00f4tel Le Grand Albert 1er"},"image":{"@id":"https:\/\/www.hotelgrandalbert.com\/en\/#\/schema\/logo\/image\/"}}]}},"_links":{"self":[{"href":"https:\/\/www.hotelgrandalbert.com\/en\/wp-json\/wp\/v2\/pages\/379","targetHints":{"allow":["GET"]}}],"collection":[{"href":"https:\/\/www.hotelgrandalbert.com\/en\/wp-json\/wp\/v2\/pages"}],"about":[{"href":"https:\/\/www.hotelgrandalbert.com\/en\/wp-json\/wp\/v2\/types\/page"}],"author":[{"embeddable":true,"href":"https:\/\/www.hotelgrandalbert.com\/en\/wp-json\/wp\/v2\/users\/1"}],"replies":[{"embeddable":true,"href":"https:\/\/www.hotelgrandalbert.com\/en\/wp-json\/wp\/v2\/comments?post=379"}],"version-history":[{"count":6,"href":"https:\/\/www.hotelgrandalbert.com\/en\/wp-json\/wp\/v2\/pages\/379\/revisions"}],"predecessor-version":[{"id":525,"href":"https:\/\/www.hotelgrandalbert.com\/en\/wp-json\/wp\/v2\/pages\/379\/revisions\/525"}],"wp:attachment":[{"href":"https:\/\/www.hotelgrandalbert.com\/en\/wp-json\/wp\/v2\/media?parent=379"}],"curies":[{"name":"wp","href":"https:\/\/api.w.org\/{rel}","templated":true}]}}