{"id":351,"date":"2021-01-28T18:19:39","date_gmt":"2021-01-28T17:19:39","guid":{"rendered":"https:\/\/www.hotelgrandalbert.com\/situation-acces\/"},"modified":"2021-04-06T16:20:35","modified_gmt":"2021-04-06T14:20:35","slug":"location-access","status":"publish","type":"page","link":"https:\/\/www.hotelgrandalbert.com\/en\/breakfast\/location-access\/","title":{"rendered":"Location access"},"content":{"rendered":"\n\t<section class=\"section\" id=\"section_2134961472\">\n\t\t<div class=\"bg section-bg fill bg-fill  bg-loaded\" >\n\n\t\t\t\n\t\t\t\n\t\t\t\n\n\t\t<\/div>\n\n\t\t<div class=\"section-content relative\">\n\t\t\t\n\n<p><iframe loading=\"lazy\" src=\"https:\/\/www.google.com\/maps\/embed?pb=!1m18!1m12!1m3!1d54513.52314781865!2d2.3770117293054263!3d48.815676335452125!2m3!1f0!2f0!3f0!3m2!1i1024!2i768!4f13.1!3m3!1m2!1s0x47e673a335955a35%3A0x850da4fb9b0ced91!2sH%C3%94TEL%20LE%20GRAND%20ALBERT%201ER!5e0!3m2!1sfr!2sfr!4v1611904642677!5m2!1sfr!2sfr\" width=\"100%\" height=\"450\" frameborder=\"0\" style=\"border:0;\" allowfullscreen=\"\" aria-hidden=\"false\" tabindex=\"0\"><\/iframe><\/p>\n\n\t\t<\/div>\n\n\t\t\n<style>\n#section_2134961472 {\n  padding-top: 0px;\n  padding-bottom: 0px;\n}\n<\/style>\n\t<\/section>\n\t\n\t<section class=\"section\" id=\"section_1224430298\">\n\t\t<div class=\"bg section-bg fill bg-fill  bg-loaded\" >\n\n\t\t\t\n\t\t\t\n\t\t\t\n\n\t\t<\/div>\n\n\t\t<div class=\"section-content relative\">\n\t\t\t\n\n<div class=\"row\"  id=\"row-1664575879\">\n\n\n\t<div id=\"col-385459834\" class=\"col small-12 large-12\"  >\n\t\t<div class=\"col-inner\"  >\n\t\t\t\n\t\t\t\n\n<h1 style=\"text-align: center;\">The different access possibilities to our hotel.<\/h1>\n\n\t\t<\/div>\n\t\t\n<style>\n#col-385459834 > .col-inner {\n  padding: 0px 0px 0 0px;\n  margin: 0px 0px 0 0px;\n}\n<\/style>\n\t<\/div>\n\n\t\n\n<\/div>\n<div class=\"text-center\"><div class=\"is-divider divider clearfix\" style=\"max-width:150px;height:1px;background-color:rgb(2, 58, 93);\"><\/div><\/div>\n\n<div class=\"row\"  id=\"row-250409040\">\n\n\n\t<div id=\"col-1672836333\" class=\"col medium-8 small-12 large-8\"  >\n\t\t<div class=\"col-inner\"  >\n\t\t\t\n\t\t\t\n\n<div><strong>By bus:\u00a0<\/strong><\/div>\n<div>ECOLE VETERINAIRE DE MAISONS-ALFORT station, 2 minutes from the hotel, front metro line 8 (ECOLE VETERINAIRE DE MAISONS-ALFORT),<\/div>\n<div>Lines:\u00a0 <a href=\"https:\/\/www.itineraire-bus.paris\/bus-103\" target=\"_blank\" rel=\"noopener\">line 103<\/a>,\u00a0 <a href=\"https:\/\/www.itineraire-bus.paris\/bus-104\" target=\"_blank\" rel=\"noopener\">line 104<\/a>,\u00a0 <a href=\"https:\/\/www.itineraire-bus.paris\/bus-125\" target=\"_blank\" rel=\"noopener\">line 125<\/a>,\u00a0 <a href=\"https:\/\/www.itineraire-bus.paris\/bus-181\" target=\"_blank\" rel=\"noopener\">line 181<\/a>,\u00a0 <a href=\"https:\/\/www.itineraire-bus.paris\/bus-24\" target=\"_blank\" rel=\"noopener\">line 24<\/a>,\u00a0<\/div>\n<div>\u00a0<\/div>\n<div><strong>By train and metro<\/strong><\/div>\n<div>Minutes\u2019 walk from metro line 8 of the ECOLE VETERINAIRE DE MAISONS-ALFORT, 9 minutes\u2019 walk from Maisons-Alfort Alfortville RER D station.<\/div>\n<div>\u00a0<\/div>\n<div><strong>By car<\/strong><\/div>\n<div>Less than a minute from the D6 exit of the A4 East motorway and the A86 motorway 27 km from Marne-la-Vall\u00e9e, 22 km from Versailles,<\/div>\n<div>\u00a0<\/div>\n<div><strong>By plane<\/strong><\/div>\n<div>10 km from Paris-Orly airport<br \/>29 minutes from Roissy Charles de Gaulle airport<\/div>\n\n\t\t<\/div>\n\t\t\t<\/div>\n\n\t\n\n\t<div id=\"col-129954816\" class=\"col medium-4 small-12 large-4\"  >\n\t\t<div class=\"col-inner\"  >\n\t\t\t\n\t\t\t\n\n\t<div class=\"img has-hover x md-x lg-x y md-y lg-y\" id=\"image_665753468\">\n\t\t\t\t\t\t\t\t<div class=\"img-inner box-shadow-4 dark\" >\n\t\t\t<img decoding=\"async\" width=\"683\" height=\"1024\" src=\"https:\/\/www.hotelgrandalbert.com\/wp-content\/uploads\/2021\/01\/metro-ecole-veterinaire-maisons-alfort-2-683x1024.jpg\" class=\"attachment-large size-large\" alt=\"H\u00f4tel Le Grand Albert 1er - Maisons-Alfort\" srcset=\"https:\/\/www.hotelgrandalbert.com\/wp-content\/uploads\/2021\/01\/metro-ecole-veterinaire-maisons-alfort-2-683x1024.jpg 683w, https:\/\/www.hotelgrandalbert.com\/wp-content\/uploads\/2021\/01\/metro-ecole-veterinaire-maisons-alfort-2-200x300.jpg 200w, https:\/\/www.hotelgrandalbert.com\/wp-content\/uploads\/2021\/01\/metro-ecole-veterinaire-maisons-alfort-2-768x1152.jpg 768w, https:\/\/www.hotelgrandalbert.com\/wp-content\/uploads\/2021\/01\/metro-ecole-veterinaire-maisons-alfort-2.jpg 1000w\" sizes=\"(max-width: 683px) 100vw, 683px\" \/>\t\t\t\t\t\t\n\t\t\t\t\t<\/div>\n\t\t\t\t\t\t\t\t\n<style>\n#image_665753468 {\n  width: 100%;\n}\n<\/style>\n\t<\/div>\n\t\n\n\n\t\t<\/div>\n\t\t\t<\/div>\n\n\t\n\n<\/div>\n\n\t\t<\/div>\n\n\t\t\n<style>\n#section_1224430298 {\n  padding-top: 30px;\n  padding-bottom: 30px;\n}\n<\/style>\n\t<\/section>\n\t\n\n","protected":false},"excerpt":{"rendered":"","protected":false},"author":1,"featured_media":0,"parent":344,"menu_order":0,"comment_status":"closed","ping_status":"closed","template":"page-blank.php","meta":{"footnotes":""},"class_list":["post-351","page","type-page","status-publish","hentry"],"yoast_head":"<!-- This site is optimized with the Yoast SEO plugin v24.9 - https:\/\/yoast.com\/wordpress\/plugins\/seo\/ -->\n<title>Location of Hotel Le Grand Albert 1er in Maisons-Alfort, access map<\/title>\n<meta name=\"description\" content=\"Located in Maisons-Alfort, 2 minutes from metro line 8 (Maison Alfort), the hotel Le Grand Albert 1er is near the banks of the Marne\" \/>\n<meta name=\"robots\" content=\"index, follow, max-snippet:-1, max-image-preview:large, max-video-preview:-1\" \/>\n<link rel=\"canonical\" href=\"https:\/\/www.hotelgrandalbert.com\/en\/location-access\/\" \/>\n<meta property=\"og:locale\" content=\"en_US\" \/>\n<meta property=\"og:type\" content=\"article\" \/>\n<meta property=\"og:title\" content=\"Location of Hotel Le Grand Albert 1er in Maisons-Alfort, access map\" \/>\n<meta property=\"og:description\" content=\"Located in Maisons-Alfort, 2 minutes from metro line 8 (Maison Alfort), the hotel Le Grand Albert 1er is near the banks of the Marne\" \/>\n<meta property=\"og:url\" content=\"https:\/\/www.hotelgrandalbert.com\/en\/location-access\/\" \/>\n<meta property=\"og:site_name\" content=\"H\u00f4tel Le Grand Albert 1er\" \/>\n<meta property=\"article:modified_time\" content=\"2021-04-06T14:20:35+00:00\" \/>\n<meta name=\"twitter:card\" content=\"summary_large_image\" \/>\n<meta name=\"twitter:label1\" content=\"Est. reading time\" \/>\n\t<meta name=\"twitter:data1\" content=\"1 minute\" \/>\n<script type=\"application\/ld+json\" class=\"yoast-schema-graph\">{\"@context\":\"https:\/\/schema.org\",\"@graph\":[{\"@type\":\"WebPage\",\"@id\":\"https:\/\/www.hotelgrandalbert.com\/en\/location-access\/\",\"url\":\"https:\/\/www.hotelgrandalbert.com\/en\/location-access\/\",\"name\":\"Location of Hotel Le Grand Albert 1er in Maisons-Alfort, access map\",\"isPartOf\":{\"@id\":\"https:\/\/www.hotelgrandalbert.com\/en\/#website\"},\"datePublished\":\"2021-01-28T17:19:39+00:00\",\"dateModified\":\"2021-04-06T14:20:35+00:00\",\"description\":\"Located in Maisons-Alfort, 2 minutes from metro line 8 (Maison Alfort), the hotel Le Grand Albert 1er is near the banks of the Marne\",\"breadcrumb\":{\"@id\":\"https:\/\/www.hotelgrandalbert.com\/en\/location-access\/#breadcrumb\"},\"inLanguage\":\"en-US\",\"potentialAction\":[{\"@type\":\"ReadAction\",\"target\":[\"https:\/\/www.hotelgrandalbert.com\/en\/location-access\/\"]}]},{\"@type\":\"BreadcrumbList\",\"@id\":\"https:\/\/www.hotelgrandalbert.com\/en\/location-access\/#breadcrumb\",\"itemListElement\":[{\"@type\":\"ListItem\",\"position\":1,\"name\":\"Accueil\",\"item\":\"https:\/\/www.hotelgrandalbert.com\/en\/\"},{\"@type\":\"ListItem\",\"position\":2,\"name\":\"Location access\"}]},{\"@type\":\"WebSite\",\"@id\":\"https:\/\/www.hotelgrandalbert.com\/en\/#website\",\"url\":\"https:\/\/www.hotelgrandalbert.com\/en\/\",\"name\":\"H\u00f4tel Le Grand Albert 1er\",\"description\":\"H\u00f4tel 2 \u00e9toiles \u00e0 Maisons-Alfort\",\"publisher\":{\"@id\":\"https:\/\/www.hotelgrandalbert.com\/en\/#organization\"},\"potentialAction\":[{\"@type\":\"SearchAction\",\"target\":{\"@type\":\"EntryPoint\",\"urlTemplate\":\"https:\/\/www.hotelgrandalbert.com\/en\/?s={search_term_string}\"},\"query-input\":{\"@type\":\"PropertyValueSpecification\",\"valueRequired\":true,\"valueName\":\"search_term_string\"}}],\"inLanguage\":\"en-US\"},{\"@type\":\"Organization\",\"@id\":\"https:\/\/www.hotelgrandalbert.com\/en\/#organization\",\"name\":\"H\u00f4tel Le Grand Albert 1er\",\"url\":\"https:\/\/www.hotelgrandalbert.com\/en\/\",\"logo\":{\"@type\":\"ImageObject\",\"inLanguage\":\"en-US\",\"@id\":\"https:\/\/www.hotelgrandalbert.com\/en\/#\/schema\/logo\/image\/\",\"url\":\"https:\/\/www.hotelgrandalbert.com\/wp-content\/uploads\/2021\/01\/hotel-grand-albert-1er-salon.jpg\",\"contentUrl\":\"https:\/\/www.hotelgrandalbert.com\/wp-content\/uploads\/2021\/01\/hotel-grand-albert-1er-salon.jpg\",\"width\":1500,\"height\":1000,\"caption\":\"H\u00f4tel Le Grand Albert 1er\"},\"image\":{\"@id\":\"https:\/\/www.hotelgrandalbert.com\/en\/#\/schema\/logo\/image\/\"}}]}<\/script>\n<!-- \/ Yoast SEO plugin. -->","yoast_head_json":{"title":"Location of Hotel Le Grand Albert 1er in Maisons-Alfort, access map","description":"Located in Maisons-Alfort, 2 minutes from metro line 8 (Maison Alfort), the hotel Le Grand Albert 1er is near the banks of the Marne","robots":{"index":"index","follow":"follow","max-snippet":"max-snippet:-1","max-image-preview":"max-image-preview:large","max-video-preview":"max-video-preview:-1"},"canonical":"https:\/\/www.hotelgrandalbert.com\/en\/location-access\/","og_locale":"en_US","og_type":"article","og_title":"Location of Hotel Le Grand Albert 1er in Maisons-Alfort, access map","og_description":"Located in Maisons-Alfort, 2 minutes from metro line 8 (Maison Alfort), the hotel Le Grand Albert 1er is near the banks of the Marne","og_url":"https:\/\/www.hotelgrandalbert.com\/en\/location-access\/","og_site_name":"H\u00f4tel Le Grand Albert 1er","article_modified_time":"2021-04-06T14:20:35+00:00","twitter_card":"summary_large_image","twitter_misc":{"Est. reading time":"1 minute"},"schema":{"@context":"https:\/\/schema.org","@graph":[{"@type":"WebPage","@id":"https:\/\/www.hotelgrandalbert.com\/en\/location-access\/","url":"https:\/\/www.hotelgrandalbert.com\/en\/location-access\/","name":"Location of Hotel Le Grand Albert 1er in Maisons-Alfort, access map","isPartOf":{"@id":"https:\/\/www.hotelgrandalbert.com\/en\/#website"},"datePublished":"2021-01-28T17:19:39+00:00","dateModified":"2021-04-06T14:20:35+00:00","description":"Located in Maisons-Alfort, 2 minutes from metro line 8 (Maison Alfort), the hotel Le Grand Albert 1er is near the banks of the Marne","breadcrumb":{"@id":"https:\/\/www.hotelgrandalbert.com\/en\/location-access\/#breadcrumb"},"inLanguage":"en-US","potentialAction":[{"@type":"ReadAction","target":["https:\/\/www.hotelgrandalbert.com\/en\/location-access\/"]}]},{"@type":"BreadcrumbList","@id":"https:\/\/www.hotelgrandalbert.com\/en\/location-access\/#breadcrumb","itemListElement":[{"@type":"ListItem","position":1,"name":"Accueil","item":"https:\/\/www.hotelgrandalbert.com\/en\/"},{"@type":"ListItem","position":2,"name":"Location access"}]},{"@type":"WebSite","@id":"https:\/\/www.hotelgrandalbert.com\/en\/#website","url":"https:\/\/www.hotelgrandalbert.com\/en\/","name":"H\u00f4tel Le Grand Albert 1er","description":"H\u00f4tel 2 \u00e9toiles \u00e0 Maisons-Alfort","publisher":{"@id":"https:\/\/www.hotelgrandalbert.com\/en\/#organization"},"potentialAction":[{"@type":"SearchAction","target":{"@type":"EntryPoint","urlTemplate":"https:\/\/www.hotelgrandalbert.com\/en\/?s={search_term_string}"},"query-input":{"@type":"PropertyValueSpecification","valueRequired":true,"valueName":"search_term_string"}}],"inLanguage":"en-US"},{"@type":"Organization","@id":"https:\/\/www.hotelgrandalbert.com\/en\/#organization","name":"H\u00f4tel Le Grand Albert 1er","url":"https:\/\/www.hotelgrandalbert.com\/en\/","logo":{"@type":"ImageObject","inLanguage":"en-US","@id":"https:\/\/www.hotelgrandalbert.com\/en\/#\/schema\/logo\/image\/","url":"https:\/\/www.hotelgrandalbert.com\/wp-content\/uploads\/2021\/01\/hotel-grand-albert-1er-salon.jpg","contentUrl":"https:\/\/www.hotelgrandalbert.com\/wp-content\/uploads\/2021\/01\/hotel-grand-albert-1er-salon.jpg","width":1500,"height":1000,"caption":"H\u00f4tel Le Grand Albert 1er"},"image":{"@id":"https:\/\/www.hotelgrandalbert.com\/en\/#\/schema\/logo\/image\/"}}]}},"_links":{"self":[{"href":"https:\/\/www.hotelgrandalbert.com\/en\/wp-json\/wp\/v2\/pages\/351","targetHints":{"allow":["GET"]}}],"collection":[{"href":"https:\/\/www.hotelgrandalbert.com\/en\/wp-json\/wp\/v2\/pages"}],"about":[{"href":"https:\/\/www.hotelgrandalbert.com\/en\/wp-json\/wp\/v2\/types\/page"}],"author":[{"embeddable":true,"href":"https:\/\/www.hotelgrandalbert.com\/en\/wp-json\/wp\/v2\/users\/1"}],"replies":[{"embeddable":true,"href":"https:\/\/www.hotelgrandalbert.com\/en\/wp-json\/wp\/v2\/comments?post=351"}],"version-history":[{"count":4,"href":"https:\/\/www.hotelgrandalbert.com\/en\/wp-json\/wp\/v2\/pages\/351\/revisions"}],"predecessor-version":[{"id":357,"href":"https:\/\/www.hotelgrandalbert.com\/en\/wp-json\/wp\/v2\/pages\/351\/revisions\/357"}],"up":[{"embeddable":true,"href":"https:\/\/www.hotelgrandalbert.com\/en\/wp-json\/wp\/v2\/pages\/344"}],"wp:attachment":[{"href":"https:\/\/www.hotelgrandalbert.com\/en\/wp-json\/wp\/v2\/media?parent=351"}],"curies":[{"name":"wp","href":"https:\/\/api.w.org\/{rel}","templated":true}]}}