{"id":344,"date":"2021-01-29T09:28:45","date_gmt":"2021-01-29T08:28:45","guid":{"rendered":"https:\/\/www.hotelgrandalbert.com\/restaurant-petit-dejeuner\/"},"modified":"2024-10-23T12:32:22","modified_gmt":"2024-10-23T10:32:22","slug":"breakfast","status":"publish","type":"page","link":"https:\/\/www.hotelgrandalbert.com\/en\/breakfast\/","title":{"rendered":"Breakfast"},"content":{"rendered":"\n\t<section class=\"section\" id=\"section_420113015\">\n\t\t<div class=\"bg section-bg fill bg-fill  bg-loaded\" >\n\n\t\t\t\n\t\t\t<button class=\"scroll-for-more z-5 icon absolute bottom h-center\"><i class=\"icon-angle-down\" style=\"font-size:42px;\"><\/i><\/button>\n\t\t\t\n\n\t\t<\/div>\n\n\t\t<div class=\"section-content relative\">\n\t\t\t\n\n<div class=\"slider-wrapper relative hide-for-medium\" id=\"slider-1098863287\" >\n    <div class=\"slider slider-type-fade slider-nav-circle slider-nav-large slider-nav-light slider-style-normal\"\n        data-flickity-options='{\n            \"cellAlign\": \"center\",\n            \"imagesLoaded\": true,\n            \"lazyLoad\": 1,\n            \"freeScroll\": false,\n            \"wrapAround\": true,\n            \"autoPlay\": 6000,\n            \"pauseAutoPlayOnHover\" : true,\n            \"prevNextButtons\": true,\n            \"contain\" : true,\n            \"adaptiveHeight\" : true,\n            \"dragThreshold\" : 10,\n            \"percentPosition\": true,\n            \"pageDots\": false,\n            \"rightToLeft\": false,\n            \"draggable\": true,\n            \"selectedAttraction\": 0.1,\n            \"parallax\" : 0,\n            \"friction\": 0.6        }'\n        >\n        \n\n\n  <div class=\"banner has-hover is-full-height\" id=\"banner-102003244\">\n          <div class=\"banner-inner fill\">\n        <div class=\"banner-bg fill\" >\n            <div class=\"bg fill bg-fill \"><\/div>\n                                    \n                    <\/div>\n        <div class=\"banner-layers container\">\n            <div class=\"fill banner-link\"><\/div>            \n\n   <div id=\"text-box-1880716221\" class=\"text-box banner-layer x15 md-x15 lg-x15 y35 md-y35 lg-y35 res-text\">\n                                <div class=\"text dark\">\n              \n              <div class=\"text-inner text-center\">\n                  \n\n\n              <\/div>\n           <\/div>\n                            \n<style>\n#text-box-1880716221 {\n  width: 60%;\n}\n#text-box-1880716221 .text {\n  font-size: 100%;\n}\n<\/style>\n    <\/div>\n \n\n        <\/div>\n      <\/div>\n\n            \n<style>\n#banner-102003244 {\n  padding-top: 100%;\n}\n#banner-102003244 .bg.bg-loaded {\n  background-image: url(https:\/\/www.hotelgrandalbert.com\/wp-content\/uploads\/2021\/01\/hotel-grand-albert-1er-restaurant.jpg);\n}\n<\/style>\n  <\/div>\n\n\n\n  <div class=\"banner has-hover is-full-height\" id=\"banner-736121414\">\n          <div class=\"banner-inner fill\">\n        <div class=\"banner-bg fill\" >\n            <div class=\"bg fill bg-fill \"><\/div>\n                                    \n                    <\/div>\n        <div class=\"banner-layers container\">\n            <div class=\"fill banner-link\"><\/div>            \n\n   <div id=\"text-box-1751440152\" class=\"text-box banner-layer x50 md-x50 lg-x50 y50 md-y50 lg-y50 res-text\">\n                                <div class=\"text dark\">\n              \n              <div class=\"text-inner text-center\">\n                  \n\n\n              <\/div>\n           <\/div>\n                            \n<style>\n#text-box-1751440152 {\n  width: 60%;\n}\n#text-box-1751440152 .text {\n  font-size: 100%;\n}\n<\/style>\n    <\/div>\n \n\n        <\/div>\n      <\/div>\n\n            \n<style>\n#banner-736121414 {\n  padding-top: 100%;\n}\n#banner-736121414 .bg.bg-loaded {\n  background-image: url(https:\/\/www.hotelgrandalbert.com\/wp-content\/uploads\/2021\/01\/hotel-le-grand-albert-1er-petit-dejeuner.jpg);\n}\n<\/style>\n  <\/div>\n\n\n\n     <\/div>\n\n     <div class=\"loading-spin dark large centered\"><\/div>\n\n     <\/div>\n\n\n<div class=\"slider-wrapper relative slider-mobile show-for-medium\" id=\"slider-512964022\" >\n    <div class=\"slider slider-type-fade slider-nav-circle slider-nav-large slider-nav-light slider-style-normal\"\n        data-flickity-options='{\n            \"cellAlign\": \"center\",\n            \"imagesLoaded\": true,\n            \"lazyLoad\": 1,\n            \"freeScroll\": false,\n            \"wrapAround\": true,\n            \"autoPlay\": 6000,\n            \"pauseAutoPlayOnHover\" : true,\n            \"prevNextButtons\": true,\n            \"contain\" : true,\n            \"adaptiveHeight\" : true,\n            \"dragThreshold\" : 10,\n            \"percentPosition\": true,\n            \"pageDots\": false,\n            \"rightToLeft\": false,\n            \"draggable\": true,\n            \"selectedAttraction\": 0.1,\n            \"parallax\" : 0,\n            \"friction\": 0.6        }'\n        >\n        \n\n\n  <div class=\"banner has-hover\" id=\"banner-804475762\">\n          <div class=\"banner-inner fill\">\n        <div class=\"banner-bg fill\" >\n            <div class=\"bg fill bg-fill \"><\/div>\n                                    \n                    <\/div>\n        <div class=\"banner-layers container\">\n            <div class=\"fill banner-link\"><\/div>            \n\n   <div id=\"text-box-1336278896\" class=\"text-box banner-layer x50 md-x50 lg-x50 y50 md-y50 lg-y50 res-text\">\n                                <div class=\"text dark\">\n              \n              <div class=\"text-inner text-center\">\n                  \n\n\n              <\/div>\n           <\/div>\n                            \n<style>\n#text-box-1336278896 {\n  width: 60%;\n}\n#text-box-1336278896 .text {\n  font-size: 100%;\n}\n<\/style>\n    <\/div>\n \n\n        <\/div>\n      <\/div>\n\n            \n<style>\n#banner-804475762 {\n  padding-top: 56.25%;\n}\n#banner-804475762 .bg.bg-loaded {\n  background-image: url(https:\/\/www.hotelgrandalbert.com\/wp-content\/uploads\/2021\/01\/hotel-grand-albert-1er-restaurant-1024x683.jpg);\n}\n<\/style>\n  <\/div>\n\n\n\n  <div class=\"banner has-hover\" id=\"banner-429765922\">\n          <div class=\"banner-inner fill\">\n        <div class=\"banner-bg fill\" >\n            <div class=\"bg fill bg-fill \"><\/div>\n                                    \n                    <\/div>\n        <div class=\"banner-layers container\">\n            <div class=\"fill banner-link\"><\/div>            \n\n   <div id=\"text-box-824842382\" class=\"text-box banner-layer x50 md-x50 lg-x50 y50 md-y50 lg-y50 res-text\">\n                                <div class=\"text dark\">\n              \n              <div class=\"text-inner text-center\">\n                  \n\n\n              <\/div>\n           <\/div>\n                            \n<style>\n#text-box-824842382 {\n  width: 60%;\n}\n#text-box-824842382 .text {\n  font-size: 100%;\n}\n<\/style>\n    <\/div>\n \n\n        <\/div>\n      <\/div>\n\n            \n<style>\n#banner-429765922 {\n  padding-top: 56.25%;\n}\n#banner-429765922 .bg.bg-loaded {\n  background-image: url(https:\/\/www.hotelgrandalbert.com\/wp-content\/uploads\/2021\/01\/hotel-le-grand-albert-1er-petit-dejeuner-1024x683.jpg);\n}\n@media (min-width:850px) {\n  #banner-429765922 {\n    padding-top: 56.25%;\n  }\n}\n<\/style>\n  <\/div>\n\n\n\n     <\/div>\n\n     <div class=\"loading-spin dark large centered\"><\/div>\n\n     <\/div>\n\n\n\n\t\t<\/div>\n\n\t\t\n<style>\n#section_420113015 {\n  padding-top: 0px;\n  padding-bottom: 0px;\n}\n<\/style>\n\t<\/section>\n\t\n\t<section class=\"section\" id=\"section_338766188\">\n\t\t<div class=\"bg section-bg fill bg-fill  bg-loaded\" >\n\n\t\t\t\n\t\t\t\n\t\t\t\n\n\t\t<\/div>\n\n\t\t<div class=\"section-content relative\">\n\t\t\t\n\n<div class=\"row\"  id=\"row-1438157611\">\n\n\n\t<div id=\"col-1535021840\" class=\"col small-12 large-12\"  >\n\t\t<div class=\"col-inner\"  >\n\t\t\t\n\t\t\t\n\n<h1 style=\"text-align: center;\">Breakfast<\/h1>\n\n\t\t<\/div>\n\t\t\n<style>\n#col-1535021840 > .col-inner {\n  padding: 0px 0px 0 0px;\n  margin: 0px 0px 0 0px;\n}\n<\/style>\n\t<\/div>\n\n\t\n\n<\/div>\n<div class=\"row\"  id=\"row-1385760788\">\n\n\n\t<div id=\"col-1193924015\" class=\"col medium-8 small-12 large-8\"  >\n\t\t<div class=\"col-inner\"  >\n\t\t\t\n\t\t\t\n\n<p><span style=\"font-size: 23.04px;\">Breakfast:&nbsp;&nbsp;<\/span><\/p>\n<div>Breakfast is served in the hotel restaurant from 6:30 am to 10:00 am, which has its own space.<\/div>\n<ul>\n<li>Hot drink: Coffee with milk, espresso, tea, chocolate, milk<\/li>\n<li>Unsalted butter or salted butter,<\/li>\n<li>Assortment of jam and honey in individual jars,<\/li>\n<li>Fruit juice: orange, apple,<\/li>\n<li>Several choices of yogurts and fruit compotes,<\/li>\n<li>Nutella<\/li>\n<li>Pastries &#8211; Breads: traditional, white&nbsp;<\/li>\n<li>Cereals in individual portions<\/li>\n<\/ul>\n<div>&nbsp;<\/div>\n<div>&nbsp;<\/div>\n<div><strong>Customer payment methods:<\/strong><\/div>\n<div>We accept the following credit cards: American Express, Visa, Euro \/ Mastercard, Diners Club, Maestro, American Express.<\/div>\n<div>We allow customers to pay online with the payment method of their choice.<\/div>\n\n\t\t<\/div>\n\t\t\t<\/div>\n\n\t\n\n\t<div id=\"col-1558727906\" class=\"col medium-4 small-12 large-4\"  >\n\t\t<div class=\"col-inner\"  >\n\t\t\t\n\t\t\t\n\n\t<div class=\"img has-hover x md-x lg-x y md-y lg-y\" id=\"image_1596313006\">\n\t\t\t\t\t\t\t\t<div class=\"img-inner box-shadow-4 dark\" >\n\t\t\t<img decoding=\"async\" width=\"683\" height=\"1024\" src=\"https:\/\/www.hotelgrandalbert.com\/wp-content\/uploads\/2021\/01\/hotel-grand-albert-1er-couloirs-3-683x1024.jpg\" class=\"attachment-large size-large\" alt=\"H\u00f4tel Le Grand Albert 1er - Maisons-Alfort\" srcset=\"https:\/\/www.hotelgrandalbert.com\/wp-content\/uploads\/2021\/01\/hotel-grand-albert-1er-couloirs-3-683x1024.jpg 683w, https:\/\/www.hotelgrandalbert.com\/wp-content\/uploads\/2021\/01\/hotel-grand-albert-1er-couloirs-3-200x300.jpg 200w, https:\/\/www.hotelgrandalbert.com\/wp-content\/uploads\/2021\/01\/hotel-grand-albert-1er-couloirs-3-768x1152.jpg 768w, https:\/\/www.hotelgrandalbert.com\/wp-content\/uploads\/2021\/01\/hotel-grand-albert-1er-couloirs-3.jpg 1000w\" sizes=\"(max-width: 683px) 100vw, 683px\" \/>\t\t\t\t\t\t\n\t\t\t\t\t<\/div>\n\t\t\t\t\t\t\t\t\n<style>\n#image_1596313006 {\n  width: 100%;\n}\n<\/style>\n\t<\/div>\n\t\n\n\n\t\t<\/div>\n\t\t\t<\/div>\n\n\t\n\n<\/div>\n\n\t\t<\/div>\n\n\t\t\n<style>\n#section_338766188 {\n  padding-top: 30px;\n  padding-bottom: 30px;\n}\n<\/style>\n\t<\/section>\n\t\n\n\n\n<p><\/p>\n","protected":false},"excerpt":{"rendered":"","protected":false},"author":1,"featured_media":0,"parent":0,"menu_order":0,"comment_status":"closed","ping_status":"closed","template":"page-transparent-header.php","meta":{"footnotes":""},"class_list":["post-344","page","type-page","status-publish","hentry"],"yoast_head":"<!-- This site is optimized with the Yoast SEO plugin v24.9 - https:\/\/yoast.com\/wordpress\/plugins\/seo\/ -->\n<title>The restaurant and breakfast at the Hotel Le Grand Albert 1er<\/title>\n<meta name=\"description\" content=\"The hotel restaurant offers refined cuisine in a simple and cozy decor. Breakfast is served in the hotel restaurant, which has its own space\" \/>\n<meta name=\"robots\" content=\"index, follow, max-snippet:-1, max-image-preview:large, max-video-preview:-1\" \/>\n<link rel=\"canonical\" href=\"https:\/\/www.hotelgrandalbert.com\/en\/breakfast\/\" \/>\n<meta property=\"og:locale\" content=\"en_US\" \/>\n<meta property=\"og:type\" content=\"article\" \/>\n<meta property=\"og:title\" content=\"The restaurant and breakfast at the Hotel Le Grand Albert 1er\" \/>\n<meta property=\"og:description\" content=\"The hotel restaurant offers refined cuisine in a simple and cozy decor. Breakfast is served in the hotel restaurant, which has its own space\" \/>\n<meta property=\"og:url\" content=\"https:\/\/www.hotelgrandalbert.com\/en\/breakfast\/\" \/>\n<meta property=\"og:site_name\" content=\"H\u00f4tel Le Grand Albert 1er\" \/>\n<meta property=\"article:modified_time\" content=\"2024-10-23T10:32:22+00:00\" \/>\n<meta name=\"twitter:card\" content=\"summary_large_image\" \/>\n<meta name=\"twitter:label1\" content=\"Est. reading time\" \/>\n\t<meta name=\"twitter:data1\" content=\"1 minute\" \/>\n<script type=\"application\/ld+json\" class=\"yoast-schema-graph\">{\"@context\":\"https:\/\/schema.org\",\"@graph\":[{\"@type\":\"WebPage\",\"@id\":\"https:\/\/www.hotelgrandalbert.com\/en\/breakfast\/\",\"url\":\"https:\/\/www.hotelgrandalbert.com\/en\/breakfast\/\",\"name\":\"The restaurant and breakfast at the Hotel Le Grand Albert 1er\",\"isPartOf\":{\"@id\":\"https:\/\/www.hotelgrandalbert.com\/en\/#website\"},\"datePublished\":\"2021-01-29T08:28:45+00:00\",\"dateModified\":\"2024-10-23T10:32:22+00:00\",\"description\":\"The hotel restaurant offers refined cuisine in a simple and cozy decor. Breakfast is served in the hotel restaurant, which has its own space\",\"breadcrumb\":{\"@id\":\"https:\/\/www.hotelgrandalbert.com\/en\/breakfast\/#breadcrumb\"},\"inLanguage\":\"en-US\",\"potentialAction\":[{\"@type\":\"ReadAction\",\"target\":[\"https:\/\/www.hotelgrandalbert.com\/en\/breakfast\/\"]}]},{\"@type\":\"BreadcrumbList\",\"@id\":\"https:\/\/www.hotelgrandalbert.com\/en\/breakfast\/#breadcrumb\",\"itemListElement\":[{\"@type\":\"ListItem\",\"position\":1,\"name\":\"Accueil\",\"item\":\"https:\/\/www.hotelgrandalbert.com\/en\/\"},{\"@type\":\"ListItem\",\"position\":2,\"name\":\"Breakfast\"}]},{\"@type\":\"WebSite\",\"@id\":\"https:\/\/www.hotelgrandalbert.com\/en\/#website\",\"url\":\"https:\/\/www.hotelgrandalbert.com\/en\/\",\"name\":\"H\u00f4tel Le Grand Albert 1er\",\"description\":\"H\u00f4tel 2 \u00e9toiles \u00e0 Maisons-Alfort\",\"publisher\":{\"@id\":\"https:\/\/www.hotelgrandalbert.com\/en\/#organization\"},\"potentialAction\":[{\"@type\":\"SearchAction\",\"target\":{\"@type\":\"EntryPoint\",\"urlTemplate\":\"https:\/\/www.hotelgrandalbert.com\/en\/?s={search_term_string}\"},\"query-input\":{\"@type\":\"PropertyValueSpecification\",\"valueRequired\":true,\"valueName\":\"search_term_string\"}}],\"inLanguage\":\"en-US\"},{\"@type\":\"Organization\",\"@id\":\"https:\/\/www.hotelgrandalbert.com\/en\/#organization\",\"name\":\"H\u00f4tel Le Grand Albert 1er\",\"url\":\"https:\/\/www.hotelgrandalbert.com\/en\/\",\"logo\":{\"@type\":\"ImageObject\",\"inLanguage\":\"en-US\",\"@id\":\"https:\/\/www.hotelgrandalbert.com\/en\/#\/schema\/logo\/image\/\",\"url\":\"https:\/\/www.hotelgrandalbert.com\/wp-content\/uploads\/2021\/01\/hotel-grand-albert-1er-salon.jpg\",\"contentUrl\":\"https:\/\/www.hotelgrandalbert.com\/wp-content\/uploads\/2021\/01\/hotel-grand-albert-1er-salon.jpg\",\"width\":1500,\"height\":1000,\"caption\":\"H\u00f4tel Le Grand Albert 1er\"},\"image\":{\"@id\":\"https:\/\/www.hotelgrandalbert.com\/en\/#\/schema\/logo\/image\/\"}}]}<\/script>\n<!-- \/ Yoast SEO plugin. -->","yoast_head_json":{"title":"The restaurant and breakfast at the Hotel Le Grand Albert 1er","description":"The hotel restaurant offers refined cuisine in a simple and cozy decor. Breakfast is served in the hotel restaurant, which has its own space","robots":{"index":"index","follow":"follow","max-snippet":"max-snippet:-1","max-image-preview":"max-image-preview:large","max-video-preview":"max-video-preview:-1"},"canonical":"https:\/\/www.hotelgrandalbert.com\/en\/breakfast\/","og_locale":"en_US","og_type":"article","og_title":"The restaurant and breakfast at the Hotel Le Grand Albert 1er","og_description":"The hotel restaurant offers refined cuisine in a simple and cozy decor. Breakfast is served in the hotel restaurant, which has its own space","og_url":"https:\/\/www.hotelgrandalbert.com\/en\/breakfast\/","og_site_name":"H\u00f4tel Le Grand Albert 1er","article_modified_time":"2024-10-23T10:32:22+00:00","twitter_card":"summary_large_image","twitter_misc":{"Est. reading time":"1 minute"},"schema":{"@context":"https:\/\/schema.org","@graph":[{"@type":"WebPage","@id":"https:\/\/www.hotelgrandalbert.com\/en\/breakfast\/","url":"https:\/\/www.hotelgrandalbert.com\/en\/breakfast\/","name":"The restaurant and breakfast at the Hotel Le Grand Albert 1er","isPartOf":{"@id":"https:\/\/www.hotelgrandalbert.com\/en\/#website"},"datePublished":"2021-01-29T08:28:45+00:00","dateModified":"2024-10-23T10:32:22+00:00","description":"The hotel restaurant offers refined cuisine in a simple and cozy decor. Breakfast is served in the hotel restaurant, which has its own space","breadcrumb":{"@id":"https:\/\/www.hotelgrandalbert.com\/en\/breakfast\/#breadcrumb"},"inLanguage":"en-US","potentialAction":[{"@type":"ReadAction","target":["https:\/\/www.hotelgrandalbert.com\/en\/breakfast\/"]}]},{"@type":"BreadcrumbList","@id":"https:\/\/www.hotelgrandalbert.com\/en\/breakfast\/#breadcrumb","itemListElement":[{"@type":"ListItem","position":1,"name":"Accueil","item":"https:\/\/www.hotelgrandalbert.com\/en\/"},{"@type":"ListItem","position":2,"name":"Breakfast"}]},{"@type":"WebSite","@id":"https:\/\/www.hotelgrandalbert.com\/en\/#website","url":"https:\/\/www.hotelgrandalbert.com\/en\/","name":"H\u00f4tel Le Grand Albert 1er","description":"H\u00f4tel 2 \u00e9toiles \u00e0 Maisons-Alfort","publisher":{"@id":"https:\/\/www.hotelgrandalbert.com\/en\/#organization"},"potentialAction":[{"@type":"SearchAction","target":{"@type":"EntryPoint","urlTemplate":"https:\/\/www.hotelgrandalbert.com\/en\/?s={search_term_string}"},"query-input":{"@type":"PropertyValueSpecification","valueRequired":true,"valueName":"search_term_string"}}],"inLanguage":"en-US"},{"@type":"Organization","@id":"https:\/\/www.hotelgrandalbert.com\/en\/#organization","name":"H\u00f4tel Le Grand Albert 1er","url":"https:\/\/www.hotelgrandalbert.com\/en\/","logo":{"@type":"ImageObject","inLanguage":"en-US","@id":"https:\/\/www.hotelgrandalbert.com\/en\/#\/schema\/logo\/image\/","url":"https:\/\/www.hotelgrandalbert.com\/wp-content\/uploads\/2021\/01\/hotel-grand-albert-1er-salon.jpg","contentUrl":"https:\/\/www.hotelgrandalbert.com\/wp-content\/uploads\/2021\/01\/hotel-grand-albert-1er-salon.jpg","width":1500,"height":1000,"caption":"H\u00f4tel Le Grand Albert 1er"},"image":{"@id":"https:\/\/www.hotelgrandalbert.com\/en\/#\/schema\/logo\/image\/"}}]}},"_links":{"self":[{"href":"https:\/\/www.hotelgrandalbert.com\/en\/wp-json\/wp\/v2\/pages\/344","targetHints":{"allow":["GET"]}}],"collection":[{"href":"https:\/\/www.hotelgrandalbert.com\/en\/wp-json\/wp\/v2\/pages"}],"about":[{"href":"https:\/\/www.hotelgrandalbert.com\/en\/wp-json\/wp\/v2\/types\/page"}],"author":[{"embeddable":true,"href":"https:\/\/www.hotelgrandalbert.com\/en\/wp-json\/wp\/v2\/users\/1"}],"replies":[{"embeddable":true,"href":"https:\/\/www.hotelgrandalbert.com\/en\/wp-json\/wp\/v2\/comments?post=344"}],"version-history":[{"count":10,"href":"https:\/\/www.hotelgrandalbert.com\/en\/wp-json\/wp\/v2\/pages\/344\/revisions"}],"predecessor-version":[{"id":517,"href":"https:\/\/www.hotelgrandalbert.com\/en\/wp-json\/wp\/v2\/pages\/344\/revisions\/517"}],"wp:attachment":[{"href":"https:\/\/www.hotelgrandalbert.com\/en\/wp-json\/wp\/v2\/media?parent=344"}],"curies":[{"name":"wp","href":"https:\/\/api.w.org\/{rel}","templated":true}]}}