{"id":336,"date":"2021-01-28T18:20:46","date_gmt":"2021-01-28T17:20:46","guid":{"rendered":"https:\/\/www.hotelgrandalbert.com\/chambres\/"},"modified":"2025-01-03T11:14:48","modified_gmt":"2025-01-03T10:14:48","slug":"rooms","status":"publish","type":"page","link":"https:\/\/www.hotelgrandalbert.com\/en\/rooms\/","title":{"rendered":"rooms"},"content":{"rendered":"\n\t<section class=\"section\" id=\"section_302222978\">\n\t\t<div class=\"bg section-bg fill bg-fill  \" >\n\n\t\t\t\n\t\t\t\n\t\t\t\n\n\t\t<\/div>\n\n\t\t<div class=\"section-content relative\">\n\t\t\t\n\n<div class=\"row align-center\"  id=\"row-534588899\">\n\n\n\t<div id=\"col-1240108154\" class=\"col medium-8 small-12 large-8\"  >\n\t\t<div class=\"col-inner\" style=\"background-color:rgba(255, 255, 255, 0.7);\" >\n\t\t\t\n\t\t\t\n\n<h1 style=\"text-align: center;\">OUR ROOMS<\/h1>\n\n\t\t<\/div>\n\t\t\n<style>\n#col-1240108154 > .col-inner {\n  padding: 50px 0px 50px 0px;\n}\n<\/style>\n\t<\/div>\n\n\t\n\n<\/div>\n\n\t\t<\/div>\n\n\t\t\n<style>\n#section_302222978 {\n  padding-top: 0px;\n  padding-bottom: 0px;\n  min-height: 300px;\n}\n#section_302222978 .section-bg.bg-loaded {\n  background-image: url(https:\/\/www.hotelgrandalbert.com\/wp-content\/uploads\/2021\/01\/hotel-le-grand-albert-1er-chambre-detail-3.jpg);\n}\n<\/style>\n\t<\/section>\n\t\n\t<section class=\"section\" id=\"section_122408947\">\n\t\t<div class=\"bg section-bg fill bg-fill  bg-loaded\" >\n\n\t\t\t\n\t\t\t\n\t\t\t\n\n\t\t<\/div>\n\n\t\t<div class=\"section-content relative\">\n\t\t\t\n\n<div class=\"row\"  id=\"row-606705525\">\n\n\n\t<div id=\"col-1981794414\" class=\"col medium-6 small-12 large-4\"  >\n\t\t<div class=\"col-inner\"  >\n\t\t\t\n\t\t\t\n\n\t<div class=\"img has-hover x md-x lg-x y md-y lg-y\" id=\"image_1894503641\">\n\t\t<a class=\"\" href=\"https:\/\/www.hotelgrandalbert.com\/en\/deluxe-double-room\/\"  >\t\t\t\t\t\t<div class=\"img-inner image-zoom-long box-shadow-4 dark\" >\n\t\t\t<img decoding=\"async\" width=\"300\" height=\"200\" src=\"https:\/\/www.hotelgrandalbert.com\/wp-content\/uploads\/2021\/01\/hotel-le-grand-albert-1er-chambre-6-300x200.jpg\" class=\"attachment-medium size-medium\" alt=\"H\u00f4tel Le Grand Albert 1er - Maisons-Alfort\" srcset=\"https:\/\/www.hotelgrandalbert.com\/wp-content\/uploads\/2021\/01\/hotel-le-grand-albert-1er-chambre-6-300x200.jpg 300w, https:\/\/www.hotelgrandalbert.com\/wp-content\/uploads\/2021\/01\/hotel-le-grand-albert-1er-chambre-6-1024x683.jpg 1024w, https:\/\/www.hotelgrandalbert.com\/wp-content\/uploads\/2021\/01\/hotel-le-grand-albert-1er-chambre-6-768x512.jpg 768w, https:\/\/www.hotelgrandalbert.com\/wp-content\/uploads\/2021\/01\/hotel-le-grand-albert-1er-chambre-6.jpg 1500w\" sizes=\"(max-width: 300px) 100vw, 300px\" \/>\t\t\t\t\t\t\n\t\t\t\t\t<\/div>\n\t\t\t\t\t\t<\/a>\t\t\n<style>\n#image_1894503641 {\n  width: 100%;\n}\n<\/style>\n\t<\/div>\n\t\n\n\t<div id=\"text-4075234938\" class=\"text\">\n\t\t\n\n<h2><a href=\"https:\/\/www.hotelgrandalbert.com\/en\/superior-double-room\/\">Superior double room<\/a><\/h2>\n\t\t\n<style>\n#text-4075234938 {\n  text-align: center;\n}\n<\/style>\n\t<\/div>\n\t\n<div class=\"row row-small\"  id=\"row-1774813733\">\n\n\n\t<div id=\"col-1062520493\" class=\"col medium-6 small-12 large-6\"  >\n\t\t<div class=\"col-inner\"  >\n\t\t\t\n\t\t\t\n\n<a href=\"https:\/\/www.hotelgrandalbert.com\/en\/deluxe-double-room\/\" target=\"_self\" class=\"button primary lowercase expand\"  style=\"border-radius:10px;\">\n    <span>More info<\/span>\n  <\/a>\n\n\n\n\t\t<\/div>\n\t\t\t<\/div>\n\n\t\n\n\t<div id=\"col-1366680802\" class=\"col medium-6 small-12 large-6\"  >\n\t\t<div class=\"col-inner\"  >\n\t\t\t\n\t\t\t\n\n<a rel=\"noopener noreferrer\" href=\"https:\/\/secure.reservit.com\/reservit\/reserhotel.php?action=resa&#038;hotelid=436034&#038;redirectHOST=hotel.reservit.com&#038;lang=EN\" target=\"_blank\" class=\"button secondary lowercase expand\"  style=\"border-radius:10px;\">\n    <span>Book<\/span>\n  <\/a>\n\n\n\n\t\t<\/div>\n\t\t\t<\/div>\n\n\t\n\n<\/div>\n\n\t\t<\/div>\n\t\t\t<\/div>\n\n\t\n\n\t<div id=\"col-798144269\" class=\"col medium-6 small-12 large-4\"  >\n\t\t<div class=\"col-inner\"  >\n\t\t\t\n\t\t\t\n\n\t<div class=\"img has-hover x md-x lg-x y md-y lg-y\" id=\"image_903737460\">\n\t\t<a class=\"\" href=\"https:\/\/www.hotelgrandalbert.com\/en\/standard-double-room\/\"  >\t\t\t\t\t\t<div class=\"img-inner image-zoom-long box-shadow-4 dark\" >\n\t\t\t<img decoding=\"async\" width=\"300\" height=\"200\" src=\"https:\/\/www.hotelgrandalbert.com\/wp-content\/uploads\/2021\/01\/hotel-le-grand-albert-1er-chambre-4-300x200.jpg\" class=\"attachment-medium size-medium\" alt=\"H\u00f4tel Le Grand Albert 1er - Maisons-Alfort\" srcset=\"https:\/\/www.hotelgrandalbert.com\/wp-content\/uploads\/2021\/01\/hotel-le-grand-albert-1er-chambre-4-300x200.jpg 300w, https:\/\/www.hotelgrandalbert.com\/wp-content\/uploads\/2021\/01\/hotel-le-grand-albert-1er-chambre-4-1024x683.jpg 1024w, https:\/\/www.hotelgrandalbert.com\/wp-content\/uploads\/2021\/01\/hotel-le-grand-albert-1er-chambre-4-768x512.jpg 768w, https:\/\/www.hotelgrandalbert.com\/wp-content\/uploads\/2021\/01\/hotel-le-grand-albert-1er-chambre-4.jpg 1500w\" sizes=\"(max-width: 300px) 100vw, 300px\" \/>\t\t\t\t\t\t\n\t\t\t\t\t<\/div>\n\t\t\t\t\t\t<\/a>\t\t\n<style>\n#image_903737460 {\n  width: 100%;\n}\n<\/style>\n\t<\/div>\n\t\n\n\t<div id=\"text-486240083\" class=\"text\">\n\t\t\n\n<h2><a href=\"https:\/\/www.hotelgrandalbert.com\/en\/standard-double-room\/\">Standard double room<\/a><\/h2>\n\t\t\n<style>\n#text-486240083 {\n  text-align: center;\n}\n<\/style>\n\t<\/div>\n\t\n<div class=\"row row-small\"  id=\"row-1487438555\">\n\n\n\t<div id=\"col-1467365606\" class=\"col medium-6 small-12 large-6\"  >\n\t\t<div class=\"col-inner\"  >\n\t\t\t\n\t\t\t\n\n<a href=\"https:\/\/www.hotelgrandalbert.com\/en\/standard-double-room\/\" target=\"_self\" class=\"button primary lowercase expand\"  style=\"border-radius:10px;\">\n    <span>More info<\/span>\n  <\/a>\n\n\n\n\t\t<\/div>\n\t\t\t<\/div>\n\n\t\n\n\t<div id=\"col-1166081393\" class=\"col medium-6 small-12 large-6\"  >\n\t\t<div class=\"col-inner\"  >\n\t\t\t\n\t\t\t\n\n<a rel=\"noopener noreferrer\" href=\"https:\/\/secure.reservit.com\/reservit\/reserhotel.php?action=resa&#038;hotelid=436034&#038;redirectHOST=hotel.reservit.com&#038;lang=EN\" target=\"_blank\" class=\"button secondary lowercase expand\"  style=\"border-radius:10px;\">\n    <span>Book<\/span>\n  <\/a>\n\n\n\n\t\t<\/div>\n\t\t\t<\/div>\n\n\t\n\n<\/div>\n\n\t\t<\/div>\n\t\t\t<\/div>\n\n\t\n\n\t<div id=\"col-1082799220\" class=\"col medium-6 small-12 large-4\"  >\n\t\t<div class=\"col-inner\"  >\n\t\t\t\n\t\t\t\n\n\t<div class=\"img has-hover x md-x lg-x y md-y lg-y\" id=\"image_718083802\">\n\t\t<a class=\"\" href=\"https:\/\/www.hotelgrandalbert.com\/en\/single-room\/\"  >\t\t\t\t\t\t<div class=\"img-inner image-zoom-long box-shadow-4 dark\" >\n\t\t\t<img decoding=\"async\" width=\"300\" height=\"200\" src=\"https:\/\/www.hotelgrandalbert.com\/wp-content\/uploads\/2021\/01\/hotel-le-grand-albert-1er-chambre-300x200.jpg\" class=\"attachment-medium size-medium\" alt=\"H\u00f4tel Le Grand Albert 1er - Maisons-Alfort\" srcset=\"https:\/\/www.hotelgrandalbert.com\/wp-content\/uploads\/2021\/01\/hotel-le-grand-albert-1er-chambre-300x200.jpg 300w, https:\/\/www.hotelgrandalbert.com\/wp-content\/uploads\/2021\/01\/hotel-le-grand-albert-1er-chambre-1024x683.jpg 1024w, https:\/\/www.hotelgrandalbert.com\/wp-content\/uploads\/2021\/01\/hotel-le-grand-albert-1er-chambre-768x512.jpg 768w, https:\/\/www.hotelgrandalbert.com\/wp-content\/uploads\/2021\/01\/hotel-le-grand-albert-1er-chambre.jpg 1500w\" sizes=\"(max-width: 300px) 100vw, 300px\" \/>\t\t\t\t\t\t\n\t\t\t\t\t<\/div>\n\t\t\t\t\t\t<\/a>\t\t\n<style>\n#image_718083802 {\n  width: 100%;\n}\n<\/style>\n\t<\/div>\n\t\n\n\t<div id=\"text-3793973890\" class=\"text\">\n\t\t\n\n<h2><a href=\"https:\/\/www.hotelgrandalbert.com\/en\/single-room\/\">Single room<\/a><\/h2>\n\t\t\n<style>\n#text-3793973890 {\n  text-align: center;\n}\n<\/style>\n\t<\/div>\n\t\n<div class=\"row row-small\"  id=\"row-77428950\">\n\n\n\t<div id=\"col-1958686088\" class=\"col medium-6 small-12 large-6\"  >\n\t\t<div class=\"col-inner\"  >\n\t\t\t\n\t\t\t\n\n<a href=\"https:\/\/www.hotelgrandalbert.com\/en\/single-room\/\" target=\"_self\" class=\"button primary lowercase expand\"  style=\"border-radius:10px;\">\n    <span>More info<\/span>\n  <\/a>\n\n\n\n\t\t<\/div>\n\t\t\t<\/div>\n\n\t\n\n\t<div id=\"col-1778971718\" class=\"col medium-6 small-12 large-6\"  >\n\t\t<div class=\"col-inner\"  >\n\t\t\t\n\t\t\t\n\n<a rel=\"noopener noreferrer\" href=\"https:\/\/secure.reservit.com\/reservit\/reserhotel.php?action=resa&#038;hotelid=436034&#038;redirectHOST=hotel.reservit.com&#038;lang=EN\" target=\"_blank\" class=\"button secondary lowercase expand\"  style=\"border-radius:10px;\">\n    <span>Book<\/span>\n  <\/a>\n\n\n\n\t\t<\/div>\n\t\t\t<\/div>\n\n\t\n\n<\/div>\n\n\t\t<\/div>\n\t\t\t<\/div>\n\n\t\n\n<\/div>\n<div class=\"text-center\"><div class=\"is-divider divider clearfix\" style=\"max-width:150px;height:1px;background-color:rgb(2, 58, 93);\"><\/div><\/div>\n\n<div class=\"row\"  id=\"row-1079690303\">\n\n\n\t<div id=\"col-1428566546\" class=\"col medium-8 small-12 large-8\"  >\n\t\t<div class=\"col-inner\"  >\n\t\t\t\n\t\t\t\n\n<p>All rooms are equipped with a bathroom with shower, individual toilet, telephone and a flat screen HD TV (Canal +, Canalsat).&nbsp;<\/p>\n<p>Free and unlimited wifi connection throughout the hotel.<\/p>\n<p>The hotel is completely non-smoking and pets are not allowed within the establishment, except guide or assistance dogs.&nbsp;<\/p>\n<p>Our hotel is not accessible to people with reduced mobility.&nbsp;<\/p>\n<p>Reception is assured 7\/7 and 24 hours a day, the whole team is at your service for any&nbsp; further information and reservations.<\/p>\n\n\t\t<\/div>\n\t\t\t<\/div>\n\n\t\n\n\t<div id=\"col-596885989\" class=\"col medium-4 small-12 large-4\"  >\n\t\t<div class=\"col-inner\"  >\n\t\t\t\n\t\t\t\n\n\t<div class=\"img has-hover x md-x lg-x y md-y lg-y\" id=\"image_1981462447\">\n\t\t\t\t\t\t\t\t<div class=\"img-inner box-shadow-4 dark\" >\n\t\t\t<img decoding=\"async\" width=\"300\" height=\"200\" src=\"https:\/\/www.hotelgrandalbert.com\/wp-content\/uploads\/2021\/01\/hotel-le-grand-albert-1er-chambre-8-300x200.jpg\" class=\"attachment-medium size-medium\" alt=\"H\u00f4tel Le Grand Albert 1er - Maisons-Alfort\" srcset=\"https:\/\/www.hotelgrandalbert.com\/wp-content\/uploads\/2021\/01\/hotel-le-grand-albert-1er-chambre-8-300x200.jpg 300w, https:\/\/www.hotelgrandalbert.com\/wp-content\/uploads\/2021\/01\/hotel-le-grand-albert-1er-chambre-8-1024x683.jpg 1024w, https:\/\/www.hotelgrandalbert.com\/wp-content\/uploads\/2021\/01\/hotel-le-grand-albert-1er-chambre-8-768x512.jpg 768w, https:\/\/www.hotelgrandalbert.com\/wp-content\/uploads\/2021\/01\/hotel-le-grand-albert-1er-chambre-8.jpg 1500w\" sizes=\"(max-width: 300px) 100vw, 300px\" \/>\t\t\t\t\t\t\n\t\t\t\t\t<\/div>\n\t\t\t\t\t\t\t\t\n<style>\n#image_1981462447 {\n  width: 100%;\n}\n<\/style>\n\t<\/div>\n\t\n\n\n\t\t<\/div>\n\t\t\t<\/div>\n\n\t\n\n<\/div>\n\n\t\t<\/div>\n\n\t\t\n<style>\n#section_122408947 {\n  padding-top: 30px;\n  padding-bottom: 30px;\n}\n<\/style>\n\t<\/section>\n\t\n\n","protected":false},"excerpt":{"rendered":"","protected":false},"author":1,"featured_media":0,"parent":0,"menu_order":0,"comment_status":"closed","ping_status":"closed","template":"page-blank.php","meta":{"footnotes":""},"class_list":["post-336","page","type-page","status-publish","hentry"],"yoast_head":"<!-- This site is optimized with the Yoast SEO plugin v24.9 - https:\/\/yoast.com\/wordpress\/plugins\/seo\/ -->\n<title>The rooms of the Hotel Le Grand Albert 1er in Maisons-Alfort<\/title>\n<meta name=\"description\" content=\"All rooms of the hotel Le Grand Albert 1er have bathroom with shower, individual WC, telephone, flat screen HD TV (Canal +, Canalsat).\" \/>\n<meta name=\"robots\" content=\"index, follow, max-snippet:-1, max-image-preview:large, max-video-preview:-1\" \/>\n<link rel=\"canonical\" href=\"https:\/\/www.hotelgrandalbert.com\/en\/rooms\/\" \/>\n<meta property=\"og:locale\" content=\"en_US\" \/>\n<meta property=\"og:type\" content=\"article\" \/>\n<meta property=\"og:title\" content=\"The rooms of the Hotel Le Grand Albert 1er in Maisons-Alfort\" \/>\n<meta property=\"og:description\" content=\"All rooms of the hotel Le Grand Albert 1er have bathroom with shower, individual WC, telephone, flat screen HD TV (Canal +, Canalsat).\" \/>\n<meta property=\"og:url\" content=\"https:\/\/www.hotelgrandalbert.com\/en\/rooms\/\" \/>\n<meta property=\"og:site_name\" content=\"H\u00f4tel Le Grand Albert 1er\" \/>\n<meta property=\"article:modified_time\" content=\"2025-01-03T10:14:48+00:00\" \/>\n<meta name=\"twitter:card\" content=\"summary_large_image\" \/>\n<meta name=\"twitter:label1\" content=\"Est. reading time\" \/>\n\t<meta name=\"twitter:data1\" content=\"2 minutes\" \/>\n<script type=\"application\/ld+json\" class=\"yoast-schema-graph\">{\"@context\":\"https:\/\/schema.org\",\"@graph\":[{\"@type\":\"WebPage\",\"@id\":\"https:\/\/www.hotelgrandalbert.com\/en\/rooms\/\",\"url\":\"https:\/\/www.hotelgrandalbert.com\/en\/rooms\/\",\"name\":\"The rooms of the Hotel Le Grand Albert 1er in Maisons-Alfort\",\"isPartOf\":{\"@id\":\"https:\/\/www.hotelgrandalbert.com\/en\/#website\"},\"datePublished\":\"2021-01-28T17:20:46+00:00\",\"dateModified\":\"2025-01-03T10:14:48+00:00\",\"description\":\"All rooms of the hotel Le Grand Albert 1er have bathroom with shower, individual WC, telephone, flat screen HD TV (Canal +, Canalsat).\",\"breadcrumb\":{\"@id\":\"https:\/\/www.hotelgrandalbert.com\/en\/rooms\/#breadcrumb\"},\"inLanguage\":\"en-US\",\"potentialAction\":[{\"@type\":\"ReadAction\",\"target\":[\"https:\/\/www.hotelgrandalbert.com\/en\/rooms\/\"]}]},{\"@type\":\"BreadcrumbList\",\"@id\":\"https:\/\/www.hotelgrandalbert.com\/en\/rooms\/#breadcrumb\",\"itemListElement\":[{\"@type\":\"ListItem\",\"position\":1,\"name\":\"Accueil\",\"item\":\"https:\/\/www.hotelgrandalbert.com\/en\/\"},{\"@type\":\"ListItem\",\"position\":2,\"name\":\"rooms\"}]},{\"@type\":\"WebSite\",\"@id\":\"https:\/\/www.hotelgrandalbert.com\/en\/#website\",\"url\":\"https:\/\/www.hotelgrandalbert.com\/en\/\",\"name\":\"H\u00f4tel Le Grand Albert 1er\",\"description\":\"H\u00f4tel 2 \u00e9toiles \u00e0 Maisons-Alfort\",\"publisher\":{\"@id\":\"https:\/\/www.hotelgrandalbert.com\/en\/#organization\"},\"potentialAction\":[{\"@type\":\"SearchAction\",\"target\":{\"@type\":\"EntryPoint\",\"urlTemplate\":\"https:\/\/www.hotelgrandalbert.com\/en\/?s={search_term_string}\"},\"query-input\":{\"@type\":\"PropertyValueSpecification\",\"valueRequired\":true,\"valueName\":\"search_term_string\"}}],\"inLanguage\":\"en-US\"},{\"@type\":\"Organization\",\"@id\":\"https:\/\/www.hotelgrandalbert.com\/en\/#organization\",\"name\":\"H\u00f4tel Le Grand Albert 1er\",\"url\":\"https:\/\/www.hotelgrandalbert.com\/en\/\",\"logo\":{\"@type\":\"ImageObject\",\"inLanguage\":\"en-US\",\"@id\":\"https:\/\/www.hotelgrandalbert.com\/en\/#\/schema\/logo\/image\/\",\"url\":\"https:\/\/www.hotelgrandalbert.com\/wp-content\/uploads\/2021\/01\/hotel-grand-albert-1er-salon.jpg\",\"contentUrl\":\"https:\/\/www.hotelgrandalbert.com\/wp-content\/uploads\/2021\/01\/hotel-grand-albert-1er-salon.jpg\",\"width\":1500,\"height\":1000,\"caption\":\"H\u00f4tel Le Grand Albert 1er\"},\"image\":{\"@id\":\"https:\/\/www.hotelgrandalbert.com\/en\/#\/schema\/logo\/image\/\"}}]}<\/script>\n<!-- \/ Yoast SEO plugin. -->","yoast_head_json":{"title":"The rooms of the Hotel Le Grand Albert 1er in Maisons-Alfort","description":"All rooms of the hotel Le Grand Albert 1er have bathroom with shower, individual WC, telephone, flat screen HD TV (Canal +, Canalsat).","robots":{"index":"index","follow":"follow","max-snippet":"max-snippet:-1","max-image-preview":"max-image-preview:large","max-video-preview":"max-video-preview:-1"},"canonical":"https:\/\/www.hotelgrandalbert.com\/en\/rooms\/","og_locale":"en_US","og_type":"article","og_title":"The rooms of the Hotel Le Grand Albert 1er in Maisons-Alfort","og_description":"All rooms of the hotel Le Grand Albert 1er have bathroom with shower, individual WC, telephone, flat screen HD TV (Canal +, Canalsat).","og_url":"https:\/\/www.hotelgrandalbert.com\/en\/rooms\/","og_site_name":"H\u00f4tel Le Grand Albert 1er","article_modified_time":"2025-01-03T10:14:48+00:00","twitter_card":"summary_large_image","twitter_misc":{"Est. reading time":"2 minutes"},"schema":{"@context":"https:\/\/schema.org","@graph":[{"@type":"WebPage","@id":"https:\/\/www.hotelgrandalbert.com\/en\/rooms\/","url":"https:\/\/www.hotelgrandalbert.com\/en\/rooms\/","name":"The rooms of the Hotel Le Grand Albert 1er in Maisons-Alfort","isPartOf":{"@id":"https:\/\/www.hotelgrandalbert.com\/en\/#website"},"datePublished":"2021-01-28T17:20:46+00:00","dateModified":"2025-01-03T10:14:48+00:00","description":"All rooms of the hotel Le Grand Albert 1er have bathroom with shower, individual WC, telephone, flat screen HD TV (Canal +, Canalsat).","breadcrumb":{"@id":"https:\/\/www.hotelgrandalbert.com\/en\/rooms\/#breadcrumb"},"inLanguage":"en-US","potentialAction":[{"@type":"ReadAction","target":["https:\/\/www.hotelgrandalbert.com\/en\/rooms\/"]}]},{"@type":"BreadcrumbList","@id":"https:\/\/www.hotelgrandalbert.com\/en\/rooms\/#breadcrumb","itemListElement":[{"@type":"ListItem","position":1,"name":"Accueil","item":"https:\/\/www.hotelgrandalbert.com\/en\/"},{"@type":"ListItem","position":2,"name":"rooms"}]},{"@type":"WebSite","@id":"https:\/\/www.hotelgrandalbert.com\/en\/#website","url":"https:\/\/www.hotelgrandalbert.com\/en\/","name":"H\u00f4tel Le Grand Albert 1er","description":"H\u00f4tel 2 \u00e9toiles \u00e0 Maisons-Alfort","publisher":{"@id":"https:\/\/www.hotelgrandalbert.com\/en\/#organization"},"potentialAction":[{"@type":"SearchAction","target":{"@type":"EntryPoint","urlTemplate":"https:\/\/www.hotelgrandalbert.com\/en\/?s={search_term_string}"},"query-input":{"@type":"PropertyValueSpecification","valueRequired":true,"valueName":"search_term_string"}}],"inLanguage":"en-US"},{"@type":"Organization","@id":"https:\/\/www.hotelgrandalbert.com\/en\/#organization","name":"H\u00f4tel Le Grand Albert 1er","url":"https:\/\/www.hotelgrandalbert.com\/en\/","logo":{"@type":"ImageObject","inLanguage":"en-US","@id":"https:\/\/www.hotelgrandalbert.com\/en\/#\/schema\/logo\/image\/","url":"https:\/\/www.hotelgrandalbert.com\/wp-content\/uploads\/2021\/01\/hotel-grand-albert-1er-salon.jpg","contentUrl":"https:\/\/www.hotelgrandalbert.com\/wp-content\/uploads\/2021\/01\/hotel-grand-albert-1er-salon.jpg","width":1500,"height":1000,"caption":"H\u00f4tel Le Grand Albert 1er"},"image":{"@id":"https:\/\/www.hotelgrandalbert.com\/en\/#\/schema\/logo\/image\/"}}]}},"_links":{"self":[{"href":"https:\/\/www.hotelgrandalbert.com\/en\/wp-json\/wp\/v2\/pages\/336","targetHints":{"allow":["GET"]}}],"collection":[{"href":"https:\/\/www.hotelgrandalbert.com\/en\/wp-json\/wp\/v2\/pages"}],"about":[{"href":"https:\/\/www.hotelgrandalbert.com\/en\/wp-json\/wp\/v2\/types\/page"}],"author":[{"embeddable":true,"href":"https:\/\/www.hotelgrandalbert.com\/en\/wp-json\/wp\/v2\/users\/1"}],"replies":[{"embeddable":true,"href":"https:\/\/www.hotelgrandalbert.com\/en\/wp-json\/wp\/v2\/comments?post=336"}],"version-history":[{"count":7,"href":"https:\/\/www.hotelgrandalbert.com\/en\/wp-json\/wp\/v2\/pages\/336\/revisions"}],"predecessor-version":[{"id":538,"href":"https:\/\/www.hotelgrandalbert.com\/en\/wp-json\/wp\/v2\/pages\/336\/revisions\/538"}],"wp:attachment":[{"href":"https:\/\/www.hotelgrandalbert.com\/en\/wp-json\/wp\/v2\/media?parent=336"}],"curies":[{"name":"wp","href":"https:\/\/api.w.org\/{rel}","templated":true}]}}