{"id":316,"date":"2021-01-29T08:52:00","date_gmt":"2021-01-29T07:52:00","guid":{"rendered":"https:\/\/www.hotelgrandalbert.com\/chambre-double-deluxe\/"},"modified":"2025-01-03T11:09:51","modified_gmt":"2025-01-03T10:09:51","slug":"superior-double-room","status":"publish","type":"page","link":"https:\/\/www.hotelgrandalbert.com\/en\/superior-double-room\/","title":{"rendered":"Superior Double room"},"content":{"rendered":"\n\t<section class=\"section\" id=\"section_1633879060\">\n\t\t<div class=\"bg section-bg fill bg-fill  bg-loaded\" >\n\n\t\t\t\n\t\t\t<button class=\"scroll-for-more z-5 icon absolute bottom h-center\"><i class=\"icon-angle-down\" style=\"font-size:42px;\"><\/i><\/button>\n\t\t\t\n\n\t\t<\/div>\n\n\t\t<div class=\"section-content relative\">\n\t\t\t\n\n<div class=\"slider-wrapper relative hide-for-medium\" id=\"slider-1384189208\" >\n    <div class=\"slider slider-type-fade slider-nav-circle slider-nav-large slider-nav-light slider-style-normal\"\n        data-flickity-options='{\n            \"cellAlign\": \"center\",\n            \"imagesLoaded\": true,\n            \"lazyLoad\": 1,\n            \"freeScroll\": false,\n            \"wrapAround\": true,\n            \"autoPlay\": 6000,\n            \"pauseAutoPlayOnHover\" : true,\n            \"prevNextButtons\": true,\n            \"contain\" : true,\n            \"adaptiveHeight\" : true,\n            \"dragThreshold\" : 10,\n            \"percentPosition\": true,\n            \"pageDots\": false,\n            \"rightToLeft\": false,\n            \"draggable\": true,\n            \"selectedAttraction\": 0.1,\n            \"parallax\" : 0,\n            \"friction\": 0.6        }'\n        >\n        \n\n\n  <div class=\"banner has-hover is-full-height\" id=\"banner-1126979904\">\n          <div class=\"banner-inner fill\">\n        <div class=\"banner-bg fill\" >\n            <div class=\"bg fill bg-fill \"><\/div>\n                                    \n                    <\/div>\n        <div class=\"banner-layers container\">\n            <div class=\"fill banner-link\"><\/div>            \n\n   <div id=\"text-box-904144497\" class=\"text-box banner-layer x50 md-x50 lg-x50 y50 md-y50 lg-y50 res-text\">\n                                <div class=\"text dark\">\n              \n              <div class=\"text-inner text-center\">\n                  \n\n\n              <\/div>\n           <\/div>\n                            \n<style>\n#text-box-904144497 {\n  width: 60%;\n}\n#text-box-904144497 .text {\n  font-size: 100%;\n}\n<\/style>\n    <\/div>\n \n\n        <\/div>\n      <\/div>\n\n            \n<style>\n#banner-1126979904 {\n  padding-top: 100%;\n}\n#banner-1126979904 .bg.bg-loaded {\n  background-image: url(https:\/\/www.hotelgrandalbert.com\/wp-content\/uploads\/2021\/01\/hotel-le-grand-albert-1er-chambre-6.jpg);\n}\n<\/style>\n  <\/div>\n\n\n\n  <div class=\"banner has-hover is-full-height\" id=\"banner-1221782550\">\n          <div class=\"banner-inner fill\">\n        <div class=\"banner-bg fill\" >\n            <div class=\"bg fill bg-fill \"><\/div>\n                                    \n                    <\/div>\n        <div class=\"banner-layers container\">\n            <div class=\"fill banner-link\"><\/div>            \n\n   <div id=\"text-box-1580660285\" class=\"text-box banner-layer x50 md-x50 lg-x50 y50 md-y50 lg-y50 res-text\">\n                                <div class=\"text dark\">\n              \n              <div class=\"text-inner text-center\">\n                  \n\n\n              <\/div>\n           <\/div>\n                            \n<style>\n#text-box-1580660285 {\n  width: 60%;\n}\n#text-box-1580660285 .text {\n  font-size: 100%;\n}\n<\/style>\n    <\/div>\n \n\n        <\/div>\n      <\/div>\n\n            \n<style>\n#banner-1221782550 {\n  padding-top: 100%;\n}\n#banner-1221782550 .bg.bg-loaded {\n  background-image: url(https:\/\/www.hotelgrandalbert.com\/wp-content\/uploads\/2021\/01\/hotel-le-grand-albert-1er-chambre-2.jpg);\n}\n<\/style>\n  <\/div>\n\n\n\n  <div class=\"banner has-hover is-full-height\" id=\"banner-802474739\">\n          <div class=\"banner-inner fill\">\n        <div class=\"banner-bg fill\" >\n            <div class=\"bg fill bg-fill \"><\/div>\n                                    \n                    <\/div>\n        <div class=\"banner-layers container\">\n            <div class=\"fill banner-link\"><\/div>            \n\n   <div id=\"text-box-418543465\" class=\"text-box banner-layer x50 md-x50 lg-x50 y50 md-y50 lg-y50 res-text\">\n                                <div class=\"text dark\">\n              \n              <div class=\"text-inner text-center\">\n                  \n\n\n              <\/div>\n           <\/div>\n                            \n<style>\n#text-box-418543465 {\n  width: 60%;\n}\n#text-box-418543465 .text {\n  font-size: 100%;\n}\n<\/style>\n    <\/div>\n \n\n        <\/div>\n      <\/div>\n\n            \n<style>\n#banner-802474739 {\n  padding-top: 100%;\n}\n#banner-802474739 .bg.bg-loaded {\n  background-image: url(https:\/\/www.hotelgrandalbert.com\/wp-content\/uploads\/2021\/01\/hotel-le-grand-albert-1er-chambre-11.jpg);\n}\n<\/style>\n  <\/div>\n\n\n\n  <div class=\"banner has-hover is-full-height\" id=\"banner-1563637219\">\n          <div class=\"banner-inner fill\">\n        <div class=\"banner-bg fill\" >\n            <div class=\"bg fill bg-fill \"><\/div>\n                                    \n                    <\/div>\n        <div class=\"banner-layers container\">\n            <div class=\"fill banner-link\"><\/div>            \n\n   <div id=\"text-box-1648630942\" class=\"text-box banner-layer x50 md-x50 lg-x50 y50 md-y50 lg-y50 res-text\">\n                                <div class=\"text dark\">\n              \n              <div class=\"text-inner text-center\">\n                  \n\n\n              <\/div>\n           <\/div>\n                            \n<style>\n#text-box-1648630942 {\n  width: 60%;\n}\n#text-box-1648630942 .text {\n  font-size: 100%;\n}\n<\/style>\n    <\/div>\n \n\n        <\/div>\n      <\/div>\n\n            \n<style>\n#banner-1563637219 {\n  padding-top: 100%;\n}\n#banner-1563637219 .bg.bg-loaded {\n  background-image: url(https:\/\/www.hotelgrandalbert.com\/wp-content\/uploads\/2021\/01\/hotel-le-grand-albert-1er-chambre-12.jpg);\n}\n<\/style>\n  <\/div>\n\n\n\n  <div class=\"banner has-hover is-full-height\" id=\"banner-2030101933\">\n          <div class=\"banner-inner fill\">\n        <div class=\"banner-bg fill\" >\n            <div class=\"bg fill bg-fill \"><\/div>\n                                    \n                    <\/div>\n        <div class=\"banner-layers container\">\n            <div class=\"fill banner-link\"><\/div>            \n\n   <div id=\"text-box-247923484\" class=\"text-box banner-layer x50 md-x50 lg-x50 y50 md-y50 lg-y50 res-text\">\n                                <div class=\"text dark\">\n              \n              <div class=\"text-inner text-center\">\n                  \n\n\n              <\/div>\n           <\/div>\n                            \n<style>\n#text-box-247923484 {\n  width: 60%;\n}\n#text-box-247923484 .text {\n  font-size: 100%;\n}\n<\/style>\n    <\/div>\n \n\n        <\/div>\n      <\/div>\n\n            \n<style>\n#banner-2030101933 {\n  padding-top: 100%;\n}\n#banner-2030101933 .bg.bg-loaded {\n  background-image: url(https:\/\/www.hotelgrandalbert.com\/wp-content\/uploads\/2021\/01\/hotel-le-grand-albert-1er-chambre-8.jpg);\n}\n<\/style>\n  <\/div>\n\n\n\n     <\/div>\n\n     <div class=\"loading-spin dark large centered\"><\/div>\n\n     <\/div>\n\n\n<div class=\"slider-wrapper relative slider-mobile show-for-medium\" id=\"slider-1983009453\" >\n    <div class=\"slider slider-type-fade slider-nav-circle slider-nav-large slider-nav-light slider-style-normal\"\n        data-flickity-options='{\n            \"cellAlign\": \"center\",\n            \"imagesLoaded\": true,\n            \"lazyLoad\": 1,\n            \"freeScroll\": false,\n            \"wrapAround\": true,\n            \"autoPlay\": 6000,\n            \"pauseAutoPlayOnHover\" : true,\n            \"prevNextButtons\": true,\n            \"contain\" : true,\n            \"adaptiveHeight\" : true,\n            \"dragThreshold\" : 10,\n            \"percentPosition\": true,\n            \"pageDots\": false,\n            \"rightToLeft\": false,\n            \"draggable\": true,\n            \"selectedAttraction\": 0.1,\n            \"parallax\" : 0,\n            \"friction\": 0.6        }'\n        >\n        \n\n\n  <div class=\"banner has-hover is-full-height\" id=\"banner-1900346346\">\n          <div class=\"banner-inner fill\">\n        <div class=\"banner-bg fill\" >\n            <div class=\"bg fill bg-fill \"><\/div>\n                                    \n                    <\/div>\n        <div class=\"banner-layers container\">\n            <div class=\"fill banner-link\"><\/div>            \n\n   <div id=\"text-box-817009063\" class=\"text-box banner-layer x50 md-x50 lg-x50 y50 md-y50 lg-y50 res-text\">\n                                <div class=\"text dark\">\n              \n              <div class=\"text-inner text-center\">\n                  \n\n\n              <\/div>\n           <\/div>\n                            \n<style>\n#text-box-817009063 {\n  width: 60%;\n}\n#text-box-817009063 .text {\n  font-size: 100%;\n}\n<\/style>\n    <\/div>\n \n\n        <\/div>\n      <\/div>\n\n            \n<style>\n#banner-1900346346 {\n  padding-top: 56.25%;\n}\n#banner-1900346346 .bg.bg-loaded {\n  background-image: url(https:\/\/www.hotelgrandalbert.com\/wp-content\/uploads\/2021\/01\/hotel-le-grand-albert-1er-chambre-6-1024x683.jpg);\n}\n@media (min-width:850px) {\n  #banner-1900346346 {\n    padding-top: 100%;\n  }\n}\n<\/style>\n  <\/div>\n\n\n\n  <div class=\"banner has-hover is-full-height\" id=\"banner-2052450578\">\n          <div class=\"banner-inner fill\">\n        <div class=\"banner-bg fill\" >\n            <div class=\"bg fill bg-fill \"><\/div>\n                                    \n                    <\/div>\n        <div class=\"banner-layers container\">\n            <div class=\"fill banner-link\"><\/div>            \n\n   <div id=\"text-box-1609267331\" class=\"text-box banner-layer x50 md-x50 lg-x50 y50 md-y50 lg-y50 res-text\">\n                                <div class=\"text dark\">\n              \n              <div class=\"text-inner text-center\">\n                  \n\n\n              <\/div>\n           <\/div>\n                            \n<style>\n#text-box-1609267331 {\n  width: 60%;\n}\n#text-box-1609267331 .text {\n  font-size: 100%;\n}\n<\/style>\n    <\/div>\n \n\n        <\/div>\n      <\/div>\n\n            \n<style>\n#banner-2052450578 {\n  padding-top: 56.25%;\n}\n#banner-2052450578 .bg.bg-loaded {\n  background-image: url(https:\/\/www.hotelgrandalbert.com\/wp-content\/uploads\/2021\/01\/hotel-le-grand-albert-1er-chambre-2-1024x683.jpg);\n}\n@media (min-width:850px) {\n  #banner-2052450578 {\n    padding-top: 100%;\n  }\n}\n<\/style>\n  <\/div>\n\n\n\n  <div class=\"banner has-hover is-full-height\" id=\"banner-406001288\">\n          <div class=\"banner-inner fill\">\n        <div class=\"banner-bg fill\" >\n            <div class=\"bg fill bg-fill \"><\/div>\n                                    \n                    <\/div>\n        <div class=\"banner-layers container\">\n            <div class=\"fill banner-link\"><\/div>            \n\n   <div id=\"text-box-267465977\" class=\"text-box banner-layer x50 md-x50 lg-x50 y50 md-y50 lg-y50 res-text\">\n                                <div class=\"text dark\">\n              \n              <div class=\"text-inner text-center\">\n                  \n\n\n              <\/div>\n           <\/div>\n                            \n<style>\n#text-box-267465977 {\n  width: 60%;\n}\n#text-box-267465977 .text {\n  font-size: 100%;\n}\n<\/style>\n    <\/div>\n \n\n        <\/div>\n      <\/div>\n\n            \n<style>\n#banner-406001288 {\n  padding-top: 56.25%;\n}\n#banner-406001288 .bg.bg-loaded {\n  background-image: url(https:\/\/www.hotelgrandalbert.com\/wp-content\/uploads\/2021\/01\/hotel-le-grand-albert-1er-chambre-11-1024x683.jpg);\n}\n@media (min-width:850px) {\n  #banner-406001288 {\n    padding-top: 100%;\n  }\n}\n<\/style>\n  <\/div>\n\n\n\n  <div class=\"banner has-hover is-full-height\" id=\"banner-1039654340\">\n          <div class=\"banner-inner fill\">\n        <div class=\"banner-bg fill\" >\n            <div class=\"bg fill bg-fill \"><\/div>\n                                    \n                    <\/div>\n        <div class=\"banner-layers container\">\n            <div class=\"fill banner-link\"><\/div>            \n\n   <div id=\"text-box-1759711718\" class=\"text-box banner-layer x50 md-x50 lg-x50 y50 md-y50 lg-y50 res-text\">\n                                <div class=\"text dark\">\n              \n              <div class=\"text-inner text-center\">\n                  \n\n\n              <\/div>\n           <\/div>\n                            \n<style>\n#text-box-1759711718 {\n  width: 60%;\n}\n#text-box-1759711718 .text {\n  font-size: 100%;\n}\n<\/style>\n    <\/div>\n \n\n        <\/div>\n      <\/div>\n\n            \n<style>\n#banner-1039654340 {\n  padding-top: 56.25%;\n}\n#banner-1039654340 .bg.bg-loaded {\n  background-image: url(https:\/\/www.hotelgrandalbert.com\/wp-content\/uploads\/2021\/01\/hotel-le-grand-albert-1er-chambre-12-1024x683.jpg);\n}\n@media (min-width:850px) {\n  #banner-1039654340 {\n    padding-top: 100%;\n  }\n}\n<\/style>\n  <\/div>\n\n\n\n  <div class=\"banner has-hover is-full-height\" id=\"banner-1553034396\">\n          <div class=\"banner-inner fill\">\n        <div class=\"banner-bg fill\" >\n            <div class=\"bg fill bg-fill \"><\/div>\n                                    \n                    <\/div>\n        <div class=\"banner-layers container\">\n            <div class=\"fill banner-link\"><\/div>            \n\n   <div id=\"text-box-531772162\" class=\"text-box banner-layer x50 md-x50 lg-x50 y50 md-y50 lg-y50 res-text\">\n                                <div class=\"text dark\">\n              \n              <div class=\"text-inner text-center\">\n                  \n\n\n              <\/div>\n           <\/div>\n                            \n<style>\n#text-box-531772162 {\n  width: 60%;\n}\n#text-box-531772162 .text {\n  font-size: 100%;\n}\n<\/style>\n    <\/div>\n \n\n        <\/div>\n      <\/div>\n\n            \n<style>\n#banner-1553034396 {\n  padding-top: 56.25%;\n}\n#banner-1553034396 .bg.bg-loaded {\n  background-image: url(https:\/\/www.hotelgrandalbert.com\/wp-content\/uploads\/2021\/01\/hotel-le-grand-albert-1er-chambre-8-1024x683.jpg);\n}\n@media (min-width:850px) {\n  #banner-1553034396 {\n    padding-top: 100%;\n  }\n}\n<\/style>\n  <\/div>\n\n\n\n     <\/div>\n\n     <div class=\"loading-spin dark large centered\"><\/div>\n\n     <\/div>\n\n\n\n\t\t<\/div>\n\n\t\t\n<style>\n#section_1633879060 {\n  padding-top: 0px;\n  padding-bottom: 0px;\n}\n<\/style>\n\t<\/section>\n\t\n\t<section class=\"section\" id=\"section_459142945\">\n\t\t<div class=\"bg section-bg fill bg-fill  bg-loaded\" >\n\n\t\t\t\n\t\t\t\n\t\t\t\n\n\t\t<\/div>\n\n\t\t<div class=\"section-content relative\">\n\t\t\t\n\n<div class=\"row\"  id=\"row-1167195923\">\n\n\n\t<div id=\"col-1673615113\" class=\"col small-12 large-12\"  >\n\t\t<div class=\"col-inner\"  >\n\t\t\t\n\t\t\t\n\n<h1 style=\"text-align: center;\">Superior Double Room<\/h1>\n<p style=\"text-align: center;\"><strong>Bed 160&#215;200 &#8211; 2 people<\/strong><\/p>\n<div class=\"text-center\"><div class=\"is-divider divider clearfix\" style=\"max-width:150px;height:1px;background-color:rgb(2, 58, 93);\"><\/div><\/div>\n\n\n\t\t<\/div>\n\t\t\n<style>\n#col-1673615113 > .col-inner {\n  padding: 0px 0px 0 0px;\n  margin: 0px 0px 0 0px;\n}\n<\/style>\n\t<\/div>\n\n\t\n\n<\/div>\n<div class=\"row\"  id=\"row-747412000\">\n\n\n\t<div id=\"col-515594769\" class=\"col medium-8 small-12 large-8\"  >\n\t\t<div class=\"col-inner\"  >\n\t\t\t\n\t\t\t\n\n<ul>\n<li>Bathroom with shower<\/li>\n<li>TV HD (TNT &amp; international channels)<\/li>\n<li>Desk<\/li>\n<li>Wifi<\/li>\n<li>Mini fridge<\/li>\n<li>Courtesy tray<\/li>\n<li>Hair dryer<\/li>\n<li>Toiletries<\/li>\n<\/ul>\n<a rel=\"noopener noreferrer\" href=\"https:\/\/secure.reservit.com\/reservit\/reserhotel.php?action=resa&#038;hotelid=436034&#038;redirectHOST=hotel.reservit.com&#038;lang=EN\" target=\"_blank\" class=\"button secondary lowercase expand\"  style=\"border-radius:10px;\">\n    <span>Book your room<\/span>\n  <\/a>\n\n\n\n\t\t<\/div>\n\t\t\t<\/div>\n\n\t\n\n\t<div id=\"col-1204810787\" class=\"col medium-4 small-12 large-4\"  >\n\t\t<div class=\"col-inner\"  >\n\t\t\t\n\t\t\t\n\n\t<div class=\"img has-hover x md-x lg-x y md-y lg-y\" id=\"image_1534325706\">\n\t\t\t\t\t\t\t\t<div class=\"img-inner box-shadow-4 dark\" >\n\t\t\t<img decoding=\"async\" width=\"683\" height=\"1024\" src=\"https:\/\/www.hotelgrandalbert.com\/wp-content\/uploads\/2021\/01\/hotel-le-grand-albert-1er-chambre-sdb-3-683x1024.jpg\" class=\"attachment-large size-large\" alt=\"H\u00f4tel Le Grand Albert 1er - Maisons-Alfort\" srcset=\"https:\/\/www.hotelgrandalbert.com\/wp-content\/uploads\/2021\/01\/hotel-le-grand-albert-1er-chambre-sdb-3-683x1024.jpg 683w, https:\/\/www.hotelgrandalbert.com\/wp-content\/uploads\/2021\/01\/hotel-le-grand-albert-1er-chambre-sdb-3-200x300.jpg 200w, https:\/\/www.hotelgrandalbert.com\/wp-content\/uploads\/2021\/01\/hotel-le-grand-albert-1er-chambre-sdb-3-768x1152.jpg 768w, https:\/\/www.hotelgrandalbert.com\/wp-content\/uploads\/2021\/01\/hotel-le-grand-albert-1er-chambre-sdb-3.jpg 1000w\" sizes=\"(max-width: 683px) 100vw, 683px\" \/>\t\t\t\t\t\t\n\t\t\t\t\t<\/div>\n\t\t\t\t\t\t\t\t\n<style>\n#image_1534325706 {\n  width: 100%;\n}\n<\/style>\n\t<\/div>\n\t\n\n\n\t\t<\/div>\n\t\t\t<\/div>\n\n\t\n\n<\/div>\n\n\t\t<\/div>\n\n\t\t\n<style>\n#section_459142945 {\n  padding-top: 30px;\n  padding-bottom: 30px;\n}\n<\/style>\n\t<\/section>\n\t\n\n","protected":false},"excerpt":{"rendered":"","protected":false},"author":1,"featured_media":0,"parent":0,"menu_order":0,"comment_status":"closed","ping_status":"closed","template":"page-transparent-header.php","meta":{"footnotes":""},"class_list":["post-316","page","type-page","status-publish","hentry"],"yoast_head":"<!-- This site is optimized with the Yoast SEO plugin v24.9 - https:\/\/yoast.com\/wordpress\/plugins\/seo\/ -->\n<title>Deluxe double room of the hotel Le Grand Albert 1er Maisons-Alfort<\/title>\n<meta name=\"description\" content=\"All deluxe double rooms have bathroom with shower, individual WC, telephone, flat screen HD TV (Canal +, Canalsat).\" \/>\n<meta name=\"robots\" content=\"index, follow, max-snippet:-1, max-image-preview:large, max-video-preview:-1\" \/>\n<link rel=\"canonical\" href=\"https:\/\/www.hotelgrandalbert.com\/en\/superior-double-room\/\" \/>\n<meta property=\"og:locale\" content=\"en_US\" \/>\n<meta property=\"og:type\" content=\"article\" \/>\n<meta property=\"og:title\" content=\"Deluxe double room of the hotel Le Grand Albert 1er Maisons-Alfort\" \/>\n<meta property=\"og:description\" content=\"All deluxe double rooms have bathroom with shower, individual WC, telephone, flat screen HD TV (Canal +, Canalsat).\" \/>\n<meta property=\"og:url\" content=\"https:\/\/www.hotelgrandalbert.com\/en\/superior-double-room\/\" \/>\n<meta property=\"og:site_name\" content=\"H\u00f4tel Le Grand Albert 1er\" \/>\n<meta property=\"article:modified_time\" content=\"2025-01-03T10:09:51+00:00\" \/>\n<meta name=\"twitter:card\" content=\"summary_large_image\" \/>\n<meta name=\"twitter:label1\" content=\"Est. reading time\" \/>\n\t<meta name=\"twitter:data1\" content=\"1 minute\" \/>\n<script type=\"application\/ld+json\" class=\"yoast-schema-graph\">{\"@context\":\"https:\/\/schema.org\",\"@graph\":[{\"@type\":\"WebPage\",\"@id\":\"https:\/\/www.hotelgrandalbert.com\/en\/superior-double-room\/\",\"url\":\"https:\/\/www.hotelgrandalbert.com\/en\/superior-double-room\/\",\"name\":\"Deluxe double room of the hotel Le Grand Albert 1er Maisons-Alfort\",\"isPartOf\":{\"@id\":\"https:\/\/www.hotelgrandalbert.com\/en\/#website\"},\"datePublished\":\"2021-01-29T07:52:00+00:00\",\"dateModified\":\"2025-01-03T10:09:51+00:00\",\"description\":\"All deluxe double rooms have bathroom with shower, individual WC, telephone, flat screen HD TV (Canal +, Canalsat).\",\"breadcrumb\":{\"@id\":\"https:\/\/www.hotelgrandalbert.com\/en\/superior-double-room\/#breadcrumb\"},\"inLanguage\":\"en-US\",\"potentialAction\":[{\"@type\":\"ReadAction\",\"target\":[\"https:\/\/www.hotelgrandalbert.com\/en\/superior-double-room\/\"]}]},{\"@type\":\"BreadcrumbList\",\"@id\":\"https:\/\/www.hotelgrandalbert.com\/en\/superior-double-room\/#breadcrumb\",\"itemListElement\":[{\"@type\":\"ListItem\",\"position\":1,\"name\":\"Accueil\",\"item\":\"https:\/\/www.hotelgrandalbert.com\/en\/\"},{\"@type\":\"ListItem\",\"position\":2,\"name\":\"Superior Double room\"}]},{\"@type\":\"WebSite\",\"@id\":\"https:\/\/www.hotelgrandalbert.com\/en\/#website\",\"url\":\"https:\/\/www.hotelgrandalbert.com\/en\/\",\"name\":\"H\u00f4tel Le Grand Albert 1er\",\"description\":\"H\u00f4tel 2 \u00e9toiles \u00e0 Maisons-Alfort\",\"publisher\":{\"@id\":\"https:\/\/www.hotelgrandalbert.com\/en\/#organization\"},\"potentialAction\":[{\"@type\":\"SearchAction\",\"target\":{\"@type\":\"EntryPoint\",\"urlTemplate\":\"https:\/\/www.hotelgrandalbert.com\/en\/?s={search_term_string}\"},\"query-input\":{\"@type\":\"PropertyValueSpecification\",\"valueRequired\":true,\"valueName\":\"search_term_string\"}}],\"inLanguage\":\"en-US\"},{\"@type\":\"Organization\",\"@id\":\"https:\/\/www.hotelgrandalbert.com\/en\/#organization\",\"name\":\"H\u00f4tel Le Grand Albert 1er\",\"url\":\"https:\/\/www.hotelgrandalbert.com\/en\/\",\"logo\":{\"@type\":\"ImageObject\",\"inLanguage\":\"en-US\",\"@id\":\"https:\/\/www.hotelgrandalbert.com\/en\/#\/schema\/logo\/image\/\",\"url\":\"https:\/\/www.hotelgrandalbert.com\/wp-content\/uploads\/2021\/01\/hotel-grand-albert-1er-salon.jpg\",\"contentUrl\":\"https:\/\/www.hotelgrandalbert.com\/wp-content\/uploads\/2021\/01\/hotel-grand-albert-1er-salon.jpg\",\"width\":1500,\"height\":1000,\"caption\":\"H\u00f4tel Le Grand Albert 1er\"},\"image\":{\"@id\":\"https:\/\/www.hotelgrandalbert.com\/en\/#\/schema\/logo\/image\/\"}}]}<\/script>\n<!-- \/ Yoast SEO plugin. -->","yoast_head_json":{"title":"Deluxe double room of the hotel Le Grand Albert 1er Maisons-Alfort","description":"All deluxe double rooms have bathroom with shower, individual WC, telephone, flat screen HD TV (Canal +, Canalsat).","robots":{"index":"index","follow":"follow","max-snippet":"max-snippet:-1","max-image-preview":"max-image-preview:large","max-video-preview":"max-video-preview:-1"},"canonical":"https:\/\/www.hotelgrandalbert.com\/en\/superior-double-room\/","og_locale":"en_US","og_type":"article","og_title":"Deluxe double room of the hotel Le Grand Albert 1er Maisons-Alfort","og_description":"All deluxe double rooms have bathroom with shower, individual WC, telephone, flat screen HD TV (Canal +, Canalsat).","og_url":"https:\/\/www.hotelgrandalbert.com\/en\/superior-double-room\/","og_site_name":"H\u00f4tel Le Grand Albert 1er","article_modified_time":"2025-01-03T10:09:51+00:00","twitter_card":"summary_large_image","twitter_misc":{"Est. reading time":"1 minute"},"schema":{"@context":"https:\/\/schema.org","@graph":[{"@type":"WebPage","@id":"https:\/\/www.hotelgrandalbert.com\/en\/superior-double-room\/","url":"https:\/\/www.hotelgrandalbert.com\/en\/superior-double-room\/","name":"Deluxe double room of the hotel Le Grand Albert 1er Maisons-Alfort","isPartOf":{"@id":"https:\/\/www.hotelgrandalbert.com\/en\/#website"},"datePublished":"2021-01-29T07:52:00+00:00","dateModified":"2025-01-03T10:09:51+00:00","description":"All deluxe double rooms have bathroom with shower, individual WC, telephone, flat screen HD TV (Canal +, Canalsat).","breadcrumb":{"@id":"https:\/\/www.hotelgrandalbert.com\/en\/superior-double-room\/#breadcrumb"},"inLanguage":"en-US","potentialAction":[{"@type":"ReadAction","target":["https:\/\/www.hotelgrandalbert.com\/en\/superior-double-room\/"]}]},{"@type":"BreadcrumbList","@id":"https:\/\/www.hotelgrandalbert.com\/en\/superior-double-room\/#breadcrumb","itemListElement":[{"@type":"ListItem","position":1,"name":"Accueil","item":"https:\/\/www.hotelgrandalbert.com\/en\/"},{"@type":"ListItem","position":2,"name":"Superior Double room"}]},{"@type":"WebSite","@id":"https:\/\/www.hotelgrandalbert.com\/en\/#website","url":"https:\/\/www.hotelgrandalbert.com\/en\/","name":"H\u00f4tel Le Grand Albert 1er","description":"H\u00f4tel 2 \u00e9toiles \u00e0 Maisons-Alfort","publisher":{"@id":"https:\/\/www.hotelgrandalbert.com\/en\/#organization"},"potentialAction":[{"@type":"SearchAction","target":{"@type":"EntryPoint","urlTemplate":"https:\/\/www.hotelgrandalbert.com\/en\/?s={search_term_string}"},"query-input":{"@type":"PropertyValueSpecification","valueRequired":true,"valueName":"search_term_string"}}],"inLanguage":"en-US"},{"@type":"Organization","@id":"https:\/\/www.hotelgrandalbert.com\/en\/#organization","name":"H\u00f4tel Le Grand Albert 1er","url":"https:\/\/www.hotelgrandalbert.com\/en\/","logo":{"@type":"ImageObject","inLanguage":"en-US","@id":"https:\/\/www.hotelgrandalbert.com\/en\/#\/schema\/logo\/image\/","url":"https:\/\/www.hotelgrandalbert.com\/wp-content\/uploads\/2021\/01\/hotel-grand-albert-1er-salon.jpg","contentUrl":"https:\/\/www.hotelgrandalbert.com\/wp-content\/uploads\/2021\/01\/hotel-grand-albert-1er-salon.jpg","width":1500,"height":1000,"caption":"H\u00f4tel Le Grand Albert 1er"},"image":{"@id":"https:\/\/www.hotelgrandalbert.com\/en\/#\/schema\/logo\/image\/"}}]}},"_links":{"self":[{"href":"https:\/\/www.hotelgrandalbert.com\/en\/wp-json\/wp\/v2\/pages\/316","targetHints":{"allow":["GET"]}}],"collection":[{"href":"https:\/\/www.hotelgrandalbert.com\/en\/wp-json\/wp\/v2\/pages"}],"about":[{"href":"https:\/\/www.hotelgrandalbert.com\/en\/wp-json\/wp\/v2\/types\/page"}],"author":[{"embeddable":true,"href":"https:\/\/www.hotelgrandalbert.com\/en\/wp-json\/wp\/v2\/users\/1"}],"replies":[{"embeddable":true,"href":"https:\/\/www.hotelgrandalbert.com\/en\/wp-json\/wp\/v2\/comments?post=316"}],"version-history":[{"count":10,"href":"https:\/\/www.hotelgrandalbert.com\/en\/wp-json\/wp\/v2\/pages\/316\/revisions"}],"predecessor-version":[{"id":542,"href":"https:\/\/www.hotelgrandalbert.com\/en\/wp-json\/wp\/v2\/pages\/316\/revisions\/542"}],"wp:attachment":[{"href":"https:\/\/www.hotelgrandalbert.com\/en\/wp-json\/wp\/v2\/media?parent=316"}],"curies":[{"name":"wp","href":"https:\/\/api.w.org\/{rel}","templated":true}]}}